{"id":3,"date":"2024-05-30T19:43:49","date_gmt":"2024-05-30T19:43:49","guid":{"rendered":"http:\/\/decisionsupport.network\/?page_id=3"},"modified":"2024-07-04T22:55:07","modified_gmt":"2024-07-04T22:55:07","slug":"privacy-policy","status":"publish","type":"page","link":"https:\/\/decisionsupport.network\/es\/privacy-policy\/","title":{"rendered":"Pol\u00edtica de privacidad"},"content":{"rendered":"<div class=\"wp-block-columns is-layout-flex wp-container-core-columns-is-layout-28f84493 wp-block-columns-is-layout-flex\">\n<div class=\"wp-block-column is-layout-flow wp-block-column-is-layout-flow\" style=\"flex-basis:25%\"><\/div>\n\n\n\n<div class=\"wp-block-column is-layout-flow wp-block-column-is-layout-flow\" style=\"flex-basis:50%\">\n<div style=\"height:57px\" aria-hidden=\"true\" class=\"wp-block-spacer\"><\/div>\n\n\n\n<p>Decision Support Consulting, LLC (en adelante, DSC) es consciente de la importancia de preservar su privacidad. Valoramos su privacidad y agradecemos la confianza que ha depositado en nosotros. Esta Pol\u00edtica de Privacidad se aplica tanto a los visitantes actuales como a los anteriores de nuestro sitio web, as\u00ed como a nuestros clientes y miembros de KSB\u00ae. Al navegar o utilizar nuestro sitio web, rellenar los formularios existentes o proporcionar cualquier tipo de informaci\u00f3n o interacci\u00f3n, usted expresa su conformidad con esta Pol\u00edtica de Privacidad. Esta Pol\u00edtica de Privacidad detalla las pr\u00e1cticas que se aplican a la informaci\u00f3n personal que recopilamos sobre usted como usuario cuando visita o utiliza nuestro sitio web. Toda la informaci\u00f3n recogida mientras visita o utiliza nuestro sitio web ser\u00e1 tratada de acuerdo con la Pol\u00edtica de Privacidad de DSC y no ser\u00e1 compartida a menos que se indique lo contrario en la Pol\u00edtica de Privacidad de DSC. Esta Pol\u00edtica de Privacidad no se aplica a la informaci\u00f3n que nuestras filiales o sitios web de terceros puedan recoger sobre usted a trav\u00e9s de enlaces, publicidad u otros medios accesibles desde el sitio web de DSC. La informaci\u00f3n recogida por dichas filiales o terceras empresas est\u00e1 sujeta a sus propias pol\u00edticas de privacidad.<\/p>\n\n\n\n<p>Recogida de datos: Esta secci\u00f3n de nuestra Pol\u00edtica de Privacidad describe los tipos de informaci\u00f3n que DSC recopila. Todos los datos recopilados en la nube donde operamos (Microsoft Azure y Microsoft Office 365) se procesan y almacenan en la Ciudad de M\u00e9xico en un centro de datos certificado de alta seguridad. Usted puede elegir no compartir ciertos datos con nosotros; sin embargo, no revelar cierta informaci\u00f3n puede impedirle usar algunas funciones de nuestro sitio web.<\/p>\n\n\n\n<p>Datos recogidos autom\u00e1ticamente: Cuando visita nuestro sitio web, recopilamos algunos datos relacionados con las transacciones que realiza y el uso que hace de nuestro sitio web. Por ejemplo, almacenamos autom\u00e1ticamente su direcci\u00f3n IP s\u00f3lo para uso interno de DSC, lo que nos ayuda a diagnosticar problemas con nuestros servidores y a gestionar nuestro sitio web. Tambi\u00e9n almacenamos cierta informaci\u00f3n sobre sus actividades en nuestro sitio web, como el tipo de navegador de Internet que utiliza e informaci\u00f3n sobre la secuencia de clics. Si usted es un cliente registrado de DSC, vinculamos esta informaci\u00f3n recopilada autom\u00e1ticamente con sus datos personales, tal como se detalla en las secciones siguientes. DSC utiliza esta informaci\u00f3n para estudios internos de investigaci\u00f3n sobre sus intereses, lo que nos ayuda a comprender mejor sus necesidades y mejorar nuestros servicios.<\/p>\n\n\n\n<p>Informaci\u00f3n facilitada por usted: Si decide compartir informaci\u00f3n personal con nosotros, por ejemplo a trav\u00e9s de un correo electr\u00f3nico o rellenando un formulario con informaci\u00f3n personal y envi\u00e1ndolo a trav\u00e9s de nuestro sitio web, DSC almacenar\u00e1 dichos datos personales. Por ejemplo, si se registra o se inscribe para participar en nuestro KSB\u00ae, almacenaremos su nombre, direcci\u00f3n de correo electr\u00f3nico, n\u00famero de tel\u00e9fono y contrase\u00f1a, as\u00ed como la direcci\u00f3n de su instituci\u00f3n, los datos de facturaci\u00f3n y la forma de pago.<\/p>\n\n\n\n<p>Informaci\u00f3n sobre sus transacciones: Adem\u00e1s, DSC tambi\u00e9n almacena datos sobre su suscripci\u00f3n y su historial de compras y pagos.<\/p>\n\n\n\n<p>Pol\u00edtica de cumplimiento de EE.UU. en materia de cookies y archivos similares: Nuestro sitio web utiliza \"cookies\" y otros archivos similares. \"Cookies\" son identificadores alfanum\u00e9ricos creados por su navegador a petici\u00f3n nuestra y almacenados en un archivo aprobado y est\u00e1ndar en su ordenador. Al transferir dichas \"cookies\", DSC le asigna un c\u00f3digo \u00fanico de cliente y un localizador de historial. De este modo, la informaci\u00f3n sobre las actividades que realiza en nuestro sitio web puede a\u00f1adirse posteriormente a su historial de cliente, que se almacena dentro del cortafuegos de DSC. Cuando vuelve a nuestro sitio, leemos la cookie que le identifica como uno de nuestros clientes y le ayuda a recordar sus contrase\u00f1as o preferencias seleccionadas en visitas anteriores. La cookie tambi\u00e9n nos permite recuperar su historial de actividades anteriores y los datos de su cuenta, as\u00ed como personalizar secciones de nuestro sitio web y ofertas especiales en funci\u00f3n de sus intereses. La cookie no almacena ninguna informaci\u00f3n personal. La mayor\u00eda de los navegadores aceptan cookies por defecto, pero permiten a los usuarios rechazarlas cambiando las preferencias de su navegador. Si su navegador est\u00e1 configurado para rechazar todas las cookies, es posible que algunas secciones de nuestro sitio web, incluida la cesta de la compra, no funcionen correctamente. Esta Pol\u00edtica de Privacidad se refiere exclusivamente al uso de cookies por parte de DSC y no cubre su uso por terceras empresas o sitios web vinculados al sitio de DSC. Utilizamos los servicios de terceras empresas para publicitar nuestros productos. Dichas empresas pueden utilizar una \"cookie\" o una etiqueta de seguimiento, tambi\u00e9n conocida como \"Web Beacon\" o archivo .gif de 1 p\u00edxel, que permite contar las respuestas a un anuncio, medir su eficacia o recompensar con puntos o incentivos a los usuarios que respondan a dicho anuncio. DSC no tiene acceso ni control sobre las cookies o etiquetas de seguimiento utilizadas por estos terceros. DSC tampoco recibe ninguna informaci\u00f3n de identificaci\u00f3n personal almacenada por estas empresas de publicidad a trav\u00e9s de los medios antes mencionados, ni comparte datos personales como su nombre, n\u00famero de tel\u00e9fono o direcci\u00f3n con dichas empresas a menos que se indique lo contrario en la Pol\u00edtica de Privacidad de DSC. Las empresas afiliadas a la Network Advertising Initiative (\"NAI\") le permiten limitar la cantidad de publicidad dirigida que recibe a trav\u00e9s de una herramienta de exclusi\u00f3n voluntaria disponible en el sitio web de la Network Advertising Initiative: http:\/\/www.networkadvertising.org\/consumer\/opt_out.asp.<\/p>\n\n\n\n<p>Pol\u00edtica de cumplimiento de la UE sobre cookies y archivos similares: <a href=\"https:\/\/decisionsupport.network\/es\/cookie-policy-eu\/\" data-type=\"page\" data-id=\"300\">Pulse aqu\u00ed<\/a><\/p>\n\n\n\n<p>Uso y divulgaci\u00f3n de la informaci\u00f3n: Los datos que recopilamos sobre usted se utilizan para gestionar, mantener y mejorar nuestro sitio web, dirigir nuestra empresa, proporcionarle los productos y servicios que ha solicitado, gestionar su cuenta, informarle sobre productos y servicios que puedan interesarle y personalizar su experiencia en l\u00ednea. Ocasionalmente, para llevar a cabo determinadas funciones como la realizaci\u00f3n de pedidos, el env\u00edo de correos electr\u00f3nicos o tareas de marketing, podemos contratar a otras empresas para que las realicen en nuestro nombre. Estas empresas tienen acceso a la informaci\u00f3n que necesitan para realizar sus tareas, pero est\u00e1n obligadas a mantener dicha informaci\u00f3n segura y confidencial y a no utilizarla para ning\u00fan otro fin que no sea el cumplimiento de sus obligaciones contractuales con DSC. Como parte del proceso normal y necesario para completar la tramitaci\u00f3n de su pedido, y en funci\u00f3n del m\u00e9todo de pago que haya elegido, DSC puede facilitar sus datos personales a una empresa externa encargada de tramitar dicho pago, como PayPal. Tenga en cuenta que, debido a las limitaciones de los sistemas utilizados por algunas entidades financieras, el extracto que reciba de la entidad emisora de su tarjeta de cr\u00e9dito o de su entidad financiera puede reflejar el nombre de la empresa tercera responsable de procesar el pago, como PayPal, en lugar o adem\u00e1s del nombre de DSC. Tambi\u00e9n podemos compartir estos datos con otras empresas con las que tenemos acuerdos de marketing conjunto. Podemos facilitar informaci\u00f3n, incluidos datos personales, que hayamos almacenado sobre usted en otras ocasiones, seg\u00fan lo exija y permita la ley. Por ejemplo, DSC se reserva el derecho a facilitar datos personales, incluida informaci\u00f3n sobre su cuenta, cuando lo considere oportuno para cooperar con cualquier investigaci\u00f3n de presuntas actividades fraudulentas, hacer cumplir nuestras Condiciones de Uso o proteger los derechos o la propiedad tanto de DSC como de terceros. Adem\u00e1s, existe la posibilidad de que, en el futuro, DSC o sus activos sean adquiridos por un tercero. Tambi\u00e9n existe la posibilidad de que DSC se asocie o adquiera otra empresa para seguir ofreciendo sus servicios como entidad combinada. En tal caso, los datos de los clientes, incluidos sus datos personales, pueden ser transferidos a la nueva entidad empresarial como parte de los activos de DSC. En ese caso, actualizar\u00edamos esta pol\u00edtica de privacidad para reflejar cualquier cambio en t\u00e9rminos de propiedad o control de sus datos personales.<\/p>\n\n\n\n<p>Enlaces a productos y servicios de terceros: Al visitar o navegar por el sitio web de DSC, podemos ofrecerle la oportunidad de adquirir productos o servicios de terceros. Dichos productos y servicios son ofrecidos por empresas independientes que no son propiedad ni est\u00e1n gestionadas por DSC. Si hace clic en las ofertas que se le presentan, ser\u00e1 redirigido a los sitios web de estas terceras empresas, y cualquier informaci\u00f3n proporcionada en respuesta a estas ofertas ser\u00e1 recogida y utilizada por estos terceros y no por DSC. La informaci\u00f3n que proporcione a terceros y cualquier transacci\u00f3n con ellos que acepte se regir\u00e1n por sus propias pol\u00edticas de privacidad.<\/p>\n\n\n\n<p>Sus opciones: Le ofrecemos una amplia gama de opciones o instrucciones que puede darnos sobre c\u00f3mo utilizamos y compartimos sus datos personales.<\/p>\n\n\n\n<p>Comunicaciones de DSC: Si no desea recibir comunicaciones de DSC sobre productos y servicios que puedan interesarle, s\u00f3lo tiene que comunic\u00e1rnoslo accediendo a \"Mi cuenta\", seleccionando \"Actualizar mi cuenta\" y cambiando sus preferencias. Tambi\u00e9n tiene la opci\u00f3n de ser a\u00f1adido a nuestra lista de exclusi\u00f3n voluntaria de correo electr\u00f3nico, lista de exclusi\u00f3n voluntaria de llamadas y lista de exclusi\u00f3n voluntaria de correo postal escribi\u00e9ndonos a la direcci\u00f3n que figura m\u00e1s abajo, indicando sus preferencias. Aseg\u00farese de incluir la siguiente informaci\u00f3n: nombre completo, direcci\u00f3n de correo electr\u00f3nico, direcci\u00f3n, n\u00famero de tel\u00e9fono y la lista o listas en las que desea ser incluido. Aunque decida ser incluido en estas listas, DSC podr\u00e1 seguir poni\u00e9ndose en contacto con usted a trav\u00e9s de los m\u00e9todos mencionados por motivos relacionados con su uso del sitio web, sus pedidos o su cuenta.<\/p>\n\n\n\n<p>Cancelaci\u00f3n de cuenta: Si desea solicitar la cancelaci\u00f3n de su cuenta DSC, s\u00f3lo tiene que ponerse en contacto con nuestro servicio de atenci\u00f3n al cliente y crear una nueva incidencia en el sistema de Atenci\u00f3n al Cliente dentro de la opci\u00f3n \"Soporte\" de nuestra web. Tambi\u00e9n puede enviarnos su solicitud por escrito a la direcci\u00f3n abajo indicada expresando su deseo de que cancelemos su cuenta. Tenga en cuenta que algunos datos pueden permanecer en nuestros archivos incluso despu\u00e9s de haber eliminado su cuenta.<\/p>\n\n\n\n<p>Gesti\u00f3n de su cuenta: Si, despu\u00e9s de registrarse, desea cambiar su nombre, direcci\u00f3n de correo electr\u00f3nico, n\u00famero de tel\u00e9fono, contrase\u00f1a o preferencias de comunicaci\u00f3n, puede hacerlo accediendo a \"Mi cuenta\" y seleccionando \"Actualizar mi cuenta.\"<\/p>\n\n\n\n<p>Direcci\u00f3n del DSC para solicitudes por escrito: Si prefiere que nos pongamos en contacto con usted por correo electr\u00f3nico, escriba a \"privacy@decisionsupport.team\". Si prefiere que nos pongamos en contacto con usted por correo postal, aseg\u00farese de incluir su nombre completo, direcci\u00f3n, n\u00famero de tel\u00e9fono y preferencias espec\u00edficas antes de enviar sus solicitudes por escrito a la siguiente direcci\u00f3n: Decision Support Consulting LLC, 4730 University Way NE Ste-104 Seattle, WA 98105 Estados Unidos.<\/p>\n\n\n\n<p>Seguridad del sitio web: DSC cuenta con salvaguardas f\u00edsicas, electr\u00f3nicas y de procedimiento dise\u00f1adas para ayudar a proteger su informaci\u00f3n privada. Por ejemplo, utilizamos la tecnolog\u00eda Secure Socket Layer (SSL) para cifrar los datos de su tarjeta de cr\u00e9dito mientras compra productos a trav\u00e9s de nuestro sitio web. Cuando abre una cuenta en DSC, crea una contrase\u00f1a que protege la informaci\u00f3n de su cuenta. Las contrase\u00f1as s\u00f3lo son eficaces si se utilizan correctamente: le recomendamos que elija una contrase\u00f1a \u00fanica y la mantenga segura. Puede cambiar su contrase\u00f1a con la frecuencia que desee simplemente yendo a \"Mi cuenta\" y seleccionando \"Actualizar mi cuenta\". DSC s\u00f3lo autoriza el acceso a su informaci\u00f3n personal a aquellas personas que necesiten acceder a dichos datos personales para gestionar su cuenta, proporcionarle o informarle sobre productos y servicios, o realizar tareas de mantenimiento, mejora y administraci\u00f3n de nuestro sitio web. En cuanto a la obtenci\u00f3n de alojamiento web y otros productos y servicios que ofrecemos, podemos tener acceso a datos sobre nuestros clientes o usuarios finales. Normalmente procesamos y utilizamos dicha informaci\u00f3n en su nombre y bajo sus instrucciones de acuerdo con nuestro papel como procesadores de dichos datos.<\/p>\n\n\n\n<p>Cambios en esta Pol\u00edtica de Privacidad: Esta Pol\u00edtica de Privacidad fue actualizada por \u00faltima vez el 7 de junio de 2023. DSC puede revisar peri\u00f3dicamente esta Pol\u00edtica, sustituy\u00e9ndola por la versi\u00f3n actualizada en nuestro sitio web. Nos reservamos el derecho a modificar esta Declaraci\u00f3n de Privacidad en cualquier momento, por lo que recomendamos revisarla con frecuencia.<\/p>\n<\/div>\n\n\n\n<div class=\"wp-block-column is-layout-flow wp-block-column-is-layout-flow\" style=\"flex-basis:25%\"><\/div>\n<\/div>","protected":false},"excerpt":{"rendered":"<p>Decision Support Consulting, LLC (en adelante, DSC) es consciente de la importancia de preservar su privacidad. Valoramos su privacidad y agradecemos la confianza que ha depositado en nosotros. Esta Pol\u00edtica de Privacidad se aplica tanto a los visitantes actuales como a los anteriores de nuestro sitio web, as\u00ed como a nuestros clientes y miembros de KSB\u00ae. Al navegar o utilizar nuestro sitio web, rellenar los formularios existentes o facilitar cualquier tipo de informaci\u00f3n o interacci\u00f3n, usted expresa su conformidad con esta Pol\u00edtica de Privacidad. Esta Pol\u00edtica de Privacidad detalla las pr\u00e1cticas que se aplican a la informaci\u00f3n personal que recopilamos sobre usted como usuario cuando visita o utiliza nuestro sitio web.<\/p>","protected":false},"author":3,"featured_media":0,"parent":0,"menu_order":0,"comment_status":"closed","ping_status":"open","template":"","meta":{"_EventAllDay":false,"_EventTimezone":"","_EventStartDate":"","_EventEndDate":"","_EventStartDateUTC":"","_EventEndDateUTC":"","_EventShowMap":false,"_EventShowMapLink":false,"_EventURL":"","_EventCost":"","_EventCostDescription":"","_EventCurrencySymbol":"","_EventCurrencyCode":"","_EventCurrencyPosition":"","_EventDateTimeSeparator":"","_EventTimeRangeSeparator":"","_EventOrganizerID":[],"_EventVenueID":[],"_OrganizerEmail":"","_OrganizerPhone":"","_OrganizerWebsite":"","_VenueAddress":"","_VenueCity":"","_VenueCountry":"","_VenueProvince":"","_VenueState":"","_VenueZip":"","_VenuePhone":"","_VenueURL":"","_VenueStateProvince":"","_VenueLat":"","_VenueLng":"","_VenueShowMap":false,"_VenueShowMapLink":false,"footnotes":""},"class_list":["post-3","page","type-page","status-publish","hentry"],"_links":{"self":[{"href":"https:\/\/decisionsupport.network\/es\/wp-json\/wp\/v2\/pages\/3","targetHints":{"allow":["GET"]}}],"collection":[{"href":"https:\/\/decisionsupport.network\/es\/wp-json\/wp\/v2\/pages"}],"about":[{"href":"https:\/\/decisionsupport.network\/es\/wp-json\/wp\/v2\/types\/page"}],"author":[{"embeddable":true,"href":"https:\/\/decisionsupport.network\/es\/wp-json\/wp\/v2\/users\/3"}],"replies":[{"embeddable":true,"href":"https:\/\/decisionsupport.network\/es\/wp-json\/wp\/v2\/comments?post=3"}],"version-history":[{"count":3,"href":"https:\/\/decisionsupport.network\/es\/wp-json\/wp\/v2\/pages\/3\/revisions"}],"predecessor-version":[{"id":304,"href":"https:\/\/decisionsupport.network\/es\/wp-json\/wp\/v2\/pages\/3\/revisions\/304"}],"wp:attachment":[{"href":"https:\/\/decisionsupport.network\/es\/wp-json\/wp\/v2\/media?parent=3"}],"curies":[{"name":"wp","href":"https:\/\/api.w.org\/{rel}","templated":true}]}}