{"id":71,"date":"2024-05-31T07:53:33","date_gmt":"2024-05-31T07:53:33","guid":{"rendered":"http:\/\/decisionsupport.network\/?page_id=71"},"modified":"2025-12-23T21:46:55","modified_gmt":"2025-12-23T21:46:55","slug":"aplicar","status":"publish","type":"page","link":"https:\/\/decisionsupport.network\/es\/aplicar\/","title":{"rendered":"\u00danete a nuestra red, aplica ahora."},"content":{"rendered":"<div class=\"wp-block-columns is-layout-flex wp-container-core-columns-is-layout-28f84493 wp-block-columns-is-layout-flex\">\n<div class=\"wp-block-column is-layout-flow wp-block-column-is-layout-flow\">\n<div class=\"wp-block-cover\" style=\"min-height:273px;aspect-ratio:unset;\"><img decoding=\"async\" width=\"400\" height=\"246\" class=\"wp-block-cover__image-background wp-image-140\" alt=\"\" src=\"http:\/\/decisionsupport.network\/wp-content\/uploads\/2024\/06\/ID-100115912-2.jpg\" data-object-fit=\"cover\" srcset=\"https:\/\/decisionsupport.network\/wp-content\/uploads\/2024\/06\/ID-100115912-2.jpg 400w, https:\/\/decisionsupport.network\/wp-content\/uploads\/2024\/06\/ID-100115912-2-300x185.jpg 300w\" sizes=\"(max-width: 400px) 100vw, 400px\" \/><span aria-hidden=\"true\" class=\"wp-block-cover__background has-background-dim\"><\/span><div class=\"wp-block-cover__inner-container is-layout-flow wp-block-cover-is-layout-flow\">\n<h1 class=\"wp-block-heading has-text-align-center has-large-font-size\">Aplique aqu\u00ed, necesitamos informaci\u00f3n adicional para el correcto dise\u00f1o de su KSB\u00ae. Gracias por su inter\u00e9s.<\/h1>\n\n\n\n<div class=\"wp-block-buttons is-content-justification-center is-layout-flex wp-container-core-buttons-is-layout-a89b3969 wp-block-buttons-is-layout-flex\">\n<div class=\"wp-block-button\"><a class=\"wp-block-button__link wp-element-button\" href=\"https:\/\/forms.office.com\/Pages\/ResponsePage.aspx?id=rJeZISwtLE6X-7FcRFRAuO06g7xBZa9LsRsgu4hqSBJUM1kxSEFPMERITDdBVzFLNzlVQ0hUWUVPMS4u\">\u00a1\u00a1\u00a1Aplica aqu\u00ed!!!<\/a><\/div>\n<\/div>\n<\/div><\/div>\n<\/div>\n\n\n\n<div class=\"wp-block-column is-layout-flow wp-block-column-is-layout-flow\">\n<div class=\"wp-block-cover\" style=\"min-height:272px;aspect-ratio:unset;\"><img decoding=\"async\" width=\"400\" height=\"266\" class=\"wp-block-cover__image-background wp-image-141\" alt=\"\" src=\"http:\/\/decisionsupport.network\/wp-content\/uploads\/2024\/06\/ID-10038655.jpg\" data-object-fit=\"cover\" srcset=\"https:\/\/decisionsupport.network\/wp-content\/uploads\/2024\/06\/ID-10038655.jpg 400w, https:\/\/decisionsupport.network\/wp-content\/uploads\/2024\/06\/ID-10038655-300x200.jpg 300w\" sizes=\"(max-width: 400px) 100vw, 400px\" \/><span aria-hidden=\"true\" class=\"wp-block-cover__background has-background-dim\"><\/span><div class=\"wp-block-cover__inner-container is-layout-flow wp-block-cover-is-layout-flow\">\n<h2 class=\"wp-block-heading has-text-align-center has-large-font-size\">\u00bfA\u00fan no est\u00e1 seguro? Programemos una conversaci\u00f3n con uno de nuestros Board Manager, que le explicar\u00e1 en detalle c\u00f3mo funciona nuestro KSB\u00ae y todas sus ventajas.<\/h2>\n\n\n\n<div class=\"wp-block-buttons is-content-justification-center is-layout-flex wp-container-core-buttons-is-layout-a89b3969 wp-block-buttons-is-layout-flex\">\n<div class=\"wp-block-button\"><a class=\"wp-block-button__link wp-element-button\" href=\"https:\/\/forms.office.com\/r\/cvKrewfBhT\">Programar una conversaci\u00f3n<\/a><\/div>\n<\/div>\n<\/div><\/div>\n<\/div>\n<\/div>","protected":false},"excerpt":{"rendered":"","protected":false},"author":3,"featured_media":0,"parent":0,"menu_order":0,"comment_status":"closed","ping_status":"closed","template":"","meta":{"_EventAllDay":false,"_EventTimezone":"","_EventStartDate":"","_EventEndDate":"","_EventStartDateUTC":"","_EventEndDateUTC":"","_EventShowMap":false,"_EventShowMapLink":false,"_EventURL":"","_EventCost":"","_EventCostDescription":"","_EventCurrencySymbol":"","_EventCurrencyCode":"","_EventCurrencyPosition":"","_EventDateTimeSeparator":"","_EventTimeRangeSeparator":"","_EventOrganizerID":[],"_EventVenueID":[],"_OrganizerEmail":"","_OrganizerPhone":"","_OrganizerWebsite":"","_VenueAddress":"","_VenueCity":"","_VenueCountry":"","_VenueProvince":"","_VenueState":"","_VenueZip":"","_VenuePhone":"","_VenueURL":"","_VenueStateProvince":"","_VenueLat":"","_VenueLng":"","_VenueShowMap":false,"_VenueShowMapLink":false,"footnotes":""},"class_list":["post-71","page","type-page","status-publish","hentry"],"_links":{"self":[{"href":"https:\/\/decisionsupport.network\/es\/wp-json\/wp\/v2\/pages\/71","targetHints":{"allow":["GET"]}}],"collection":[{"href":"https:\/\/decisionsupport.network\/es\/wp-json\/wp\/v2\/pages"}],"about":[{"href":"https:\/\/decisionsupport.network\/es\/wp-json\/wp\/v2\/types\/page"}],"author":[{"embeddable":true,"href":"https:\/\/decisionsupport.network\/es\/wp-json\/wp\/v2\/users\/3"}],"replies":[{"embeddable":true,"href":"https:\/\/decisionsupport.network\/es\/wp-json\/wp\/v2\/comments?post=71"}],"version-history":[{"count":10,"href":"https:\/\/decisionsupport.network\/es\/wp-json\/wp\/v2\/pages\/71\/revisions"}],"predecessor-version":[{"id":963,"href":"https:\/\/decisionsupport.network\/es\/wp-json\/wp\/v2\/pages\/71\/revisions\/963"}],"wp:attachment":[{"href":"https:\/\/decisionsupport.network\/es\/wp-json\/wp\/v2\/media?parent=71"}],"curies":[{"name":"wp","href":"https:\/\/api.w.org\/{rel}","templated":true}]}}