{"id":65,"date":"2024-05-31T07:49:07","date_gmt":"2024-05-31T07:49:07","guid":{"rendered":"http:\/\/decisionsupport.network\/?page_id=65"},"modified":"2024-06-06T07:02:32","modified_gmt":"2024-06-06T07:02:32","slug":"empresariales","status":"publish","type":"page","link":"https:\/\/decisionsupport.network\/es_es\/empresariales\/","title":{"rendered":"Casos de uso empresarial"},"content":{"rendered":"<div class=\"section-wrapper\" data-id=\"jY2LeU\"><section class=\"wp-block-gutenverse-section guten-element guten-section guten-jY2LeU animated guten-element-hide desktop-fadeInLeft layout-boxed align-stretch\"><div class=\"guten-background-overlay\"><\/div><div class=\"guten-shape-divider guten-shape-divider-top\"><\/div><div class=\"guten-shape-divider guten-shape-divider-bottom\"><\/div><div class=\"guten-container guten-column-gap-default\">\n<div class=\"wp-block-gutenverse-column guten-element guten-column guten-fRDtf4 animated guten-element-hide desktop-fadeInLeft\"><div class=\"guten-background-overlay\"><\/div><div class=\"sticky-wrapper\" data-id=\"fRDtf4\"><div class=\"guten-column-wrapper\">\n<figure class=\"guten-element guten-video guten-JtHlEg\"><div class=\"guten-video-wrapper\" data-property=\"{&quot;url&quot;:&quot;https:\/\/youtu.be\/50zAJG2hpls&quot;,&quot;class&quot;:&quot;guten-video-background&quot;,&quot;width&quot;:&quot;100%&quot;,&quot;height&quot;:&quot;300px&quot;,&quot;controls&quot;:true,&quot;playsinline&quot;:true,&quot;style&quot;:{},&quot;config&quot;:{&quot;youtube&quot;:{&quot;playerVars&quot;:{}}}}\"><\/div><\/figure>\n<\/div><\/div><\/div>\n\n\n\n<div class=\"wp-block-gutenverse-column guten-element guten-column guten-iDVGoU animated guten-element-hide desktop-fadeInRight\"><div class=\"guten-background-overlay\"><\/div><div class=\"sticky-wrapper\" data-id=\"iDVGoU\"><div class=\"guten-column-wrapper\">\n<h2 class=\"wp-block-gutenverse-heading guten-element guten-2tpY0t animated guten-element-hide desktop-fadeInRight\">Gobierno corporativo<\/h2>\n\n\n\n<p>En el mundo de los negocios, el conocimiento es poder. Y cuando una empresa familiar decide aprovechar este poder a trav\u00e9s de nuestro Knowledge Sharing Boards\u00ae, \u00a1el cielo es el l\u00edmite! Nuestra empresa se dedica a fomentar la colaboraci\u00f3n y el aprendizaje continuo, proporcionando una plataforma en la que empresarios y expertos de diversos sectores pueden intercambiar experiencias, resolver problemas complejos y descubrir nuevas oportunidades de crecimiento e innovaci\u00f3n. Con nuestro enfoque \u00fanico y personalizado, ayudamos a las empresas a alcanzar su pleno potencial y a navegar con \u00e9xito en un entorno empresarial en constante cambio.<\/p>\n<\/div><\/div><\/div>\n<\/div><\/section><\/div>\n\n\n\n<div class=\"section-wrapper\" data-id=\"VqsK71\"><section class=\"wp-block-gutenverse-section guten-element guten-section guten-VqsK71 layout-boxed align-stretch\"><div class=\"guten-background-overlay\"><\/div><div class=\"guten-shape-divider guten-shape-divider-top\"><\/div><div class=\"guten-shape-divider guten-shape-divider-bottom\"><\/div><div class=\"guten-container guten-column-gap-default\">\n<div class=\"wp-block-gutenverse-column guten-element guten-column guten-eAmzFn animated guten-element-hide desktop-fadeInLeft\"><div class=\"guten-background-overlay\"><\/div><div class=\"sticky-wrapper\" data-id=\"eAmzFn\"><div class=\"guten-column-wrapper\">\n<h2 class=\"wp-block-gutenverse-heading guten-element guten-1fKStT\">Retos de las empresas familiares<\/h2>\n\n\n\n<p>Las empresas familiares se enfrentan a una serie de retos \u00fanicos que pueden complicar su gesti\u00f3n y crecimiento. Uno de los principales retos es la sucesi\u00f3n, ya que planificar la transici\u00f3n de liderazgo entre generaciones puede ser complejo y estar cargado de emociones. Adem\u00e1s, la din\u00e1mica familiar puede influir en las decisiones empresariales, dando lugar a conflictos internos que afectan a la estabilidad de la empresa. La profesionalizaci\u00f3n de la gesti\u00f3n tambi\u00e9n es un reto, ya que a menudo es necesario equilibrar tradici\u00f3n e innovaci\u00f3n para seguir siendo competitivos. Adem\u00e1s, la necesidad de mantener la unidad y el compromiso familiar al tiempo que se atrae y retiene el talento externo a\u00f1ade otra capa de complejidad. Estos retos requieren estrategias cuidadosas y una comunicaci\u00f3n abierta para garantizar la continuidad y el \u00e9xito a largo plazo de la empresa familiar.<\/p>\n<\/div><\/div><\/div>\n\n\n\n<div class=\"wp-block-gutenverse-column guten-element guten-column guten-vEemAo\"><div class=\"guten-background-overlay\"><\/div><div class=\"sticky-wrapper\" data-id=\"vEemAo\"><div class=\"guten-column-wrapper\">\n<figure class=\"guten-element guten-video guten-Zh4QDO animated guten-element-hide desktop-fadeInRight\"><div class=\"guten-video-wrapper\" data-property=\"{&quot;url&quot;:&quot;https:\/\/youtu.be\/aq1gnyi12RY&quot;,&quot;class&quot;:&quot;guten-video-background&quot;,&quot;width&quot;:&quot;100%&quot;,&quot;height&quot;:&quot;300px&quot;,&quot;controls&quot;:true,&quot;playsinline&quot;:true,&quot;style&quot;:{},&quot;config&quot;:{&quot;youtube&quot;:{&quot;playerVars&quot;:{}}}}\"><\/div><\/figure>\n<\/div><\/div><\/div>\n<\/div><\/section><\/div>\n\n\n\n<div class=\"section-wrapper\" data-id=\"FbauCJ\"><section class=\"wp-block-gutenverse-section guten-element guten-section guten-FbauCJ layout-boxed align-stretch\"><div class=\"guten-background-overlay\"><\/div><div class=\"guten-shape-divider guten-shape-divider-top\"><\/div><div class=\"guten-shape-divider guten-shape-divider-bottom\"><\/div><div class=\"guten-container guten-column-gap-default\">\n<div class=\"wp-block-gutenverse-column guten-element guten-column guten-YbF5fb\"><div class=\"guten-background-overlay\"><\/div><div class=\"sticky-wrapper\" data-id=\"YbF5fb\"><div class=\"guten-column-wrapper\">\n<figure class=\"guten-element guten-video guten-40kW9i animated guten-element-hide desktop-fadeInLeft\"><div class=\"guten-video-wrapper\" data-property=\"{&quot;url&quot;:&quot;https:\/\/youtu.be\/O-JOJxjWLPU&quot;,&quot;class&quot;:&quot;guten-video-background&quot;,&quot;width&quot;:&quot;100%&quot;,&quot;height&quot;:&quot;300px&quot;,&quot;controls&quot;:true,&quot;playsinline&quot;:true,&quot;style&quot;:{},&quot;config&quot;:{&quot;youtube&quot;:{&quot;playerVars&quot;:{}}}}\"><\/div><\/figure>\n<\/div><\/div><\/div>\n\n\n\n<div class=\"wp-block-gutenverse-column guten-element guten-column guten-cisNYy animated guten-element-hide desktop-fadeInRight\"><div class=\"guten-background-overlay\"><\/div><div class=\"sticky-wrapper\" data-id=\"cisNYy\"><div class=\"guten-column-wrapper\">\n<h2 class=\"wp-block-gutenverse-heading guten-element guten-E5TkUe\"><strong>Mejorar la peque\u00f1a empresa<\/strong><\/h2>\n\n\n\n<p>Un Knowledge Sharing Board\u00ae ofrece importantes ventajas a los propietarios de peque\u00f1as empresas, como la diversidad de perspectivas, la mejora de la toma de decisiones y la reducci\u00f3n del aislamiento en su viaje empresarial.<\/p>\n\n\n\n<p>Al participar en una KSB, los propietarios de peque\u00f1as empresas tienen la oportunidad de interactuar con hom\u00f3logos de diversos sectores y experiencias diferentes. Esta diversidad de perspectivas puede ayudar a identificar soluciones innovadoras y enfoques \u00fanicos para los retos empresariales. Adem\u00e1s, contar con un grupo de colegas y expertos que aporten comentarios y consejos puede reforzar el proceso de toma de decisiones, haci\u00e9ndolo m\u00e1s informado y equilibrado.<\/p>\n<\/div><\/div><\/div>\n<\/div><\/section><\/div>\n\n\n\n<div class=\"section-wrapper\" data-id=\"Kx7VUi\"><section class=\"wp-block-gutenverse-section guten-element guten-section guten-Kx7VUi layout-boxed align-stretch\"><div class=\"guten-background-overlay\"><\/div><div class=\"guten-shape-divider guten-shape-divider-top\"><\/div><div class=\"guten-shape-divider guten-shape-divider-bottom\"><\/div><div class=\"guten-container guten-column-gap-default\">\n<div class=\"wp-block-gutenverse-column guten-element guten-column guten-yTAkTo animated guten-element-hide desktop-fadeInLeft\"><div class=\"guten-background-overlay\"><\/div><div class=\"sticky-wrapper\" data-id=\"yTAkTo\"><div class=\"guten-column-wrapper\">\n<h2 class=\"wp-block-gutenverse-heading guten-element guten-JUBrBa\"><strong>Descubra el poder de KSB<\/strong><\/h2>\n\n\n\n<p>Knowledge Sharing Boards\u00ae (KSB) tienen el poder de transformar las empresas facilitando el intercambio de conocimientos y experiencias entre empresarios y expertos. Fomentan la colaboraci\u00f3n, aportan soluciones innovadoras y mejoran la toma de decisiones. Los KSB reducen el aislamiento de los empresarios, creando una red de apoyo que impulsa el crecimiento sostenible y el \u00e9xito a largo plazo. Al integrar diversas perspectivas y mejores pr\u00e1cticas, las KSB ayudan a las empresas a adaptarse y prosperar en un entorno empresarial en constante cambio.<\/p>\n<\/div><\/div><\/div>\n\n\n\n<div class=\"wp-block-gutenverse-column guten-element guten-column guten-78mo5n\"><div class=\"guten-background-overlay\"><\/div><div class=\"sticky-wrapper\" data-id=\"78mo5n\"><div class=\"guten-column-wrapper\">\n<figure class=\"guten-element guten-video guten-mSIZsq animated guten-element-hide desktop-fadeInRight\"><div class=\"guten-video-wrapper\" data-property=\"{&quot;url&quot;:&quot;https:\/\/youtu.be\/_FGyv20BcB0&quot;,&quot;class&quot;:&quot;guten-video-background&quot;,&quot;width&quot;:&quot;100%&quot;,&quot;height&quot;:&quot;300px&quot;,&quot;controls&quot;:true,&quot;playsinline&quot;:true,&quot;style&quot;:{},&quot;config&quot;:{&quot;youtube&quot;:{&quot;playerVars&quot;:{}}}}\"><\/div><\/figure>\n<\/div><\/div><\/div>\n<\/div><\/section><\/div>","protected":false},"excerpt":{"rendered":"","protected":false},"author":3,"featured_media":0,"parent":0,"menu_order":0,"comment_status":"closed","ping_status":"closed","template":"","meta":{"_EventAllDay":false,"_EventTimezone":"","_EventStartDate":"","_EventEndDate":"","_EventStartDateUTC":"","_EventEndDateUTC":"","_EventShowMap":false,"_EventShowMapLink":false,"_EventURL":"","_EventCost":"","_EventCostDescription":"","_EventCurrencySymbol":"","_EventCurrencyCode":"","_EventCurrencyPosition":"","_EventDateTimeSeparator":"","_EventTimeRangeSeparator":"","_EventOrganizerID":[],"_EventVenueID":[],"_OrganizerEmail":"","_OrganizerPhone":"","_OrganizerWebsite":"","_VenueAddress":"","_VenueCity":"","_VenueCountry":"","_VenueProvince":"","_VenueState":"","_VenueZip":"","_VenuePhone":"","_VenueURL":"","_VenueStateProvince":"","_VenueLat":"","_VenueLng":"","_VenueShowMap":false,"_VenueShowMapLink":false,"footnotes":""},"class_list":["post-65","page","type-page","status-publish","hentry"],"_links":{"self":[{"href":"https:\/\/decisionsupport.network\/es_es\/wp-json\/wp\/v2\/pages\/65","targetHints":{"allow":["GET"]}}],"collection":[{"href":"https:\/\/decisionsupport.network\/es_es\/wp-json\/wp\/v2\/pages"}],"about":[{"href":"https:\/\/decisionsupport.network\/es_es\/wp-json\/wp\/v2\/types\/page"}],"author":[{"embeddable":true,"href":"https:\/\/decisionsupport.network\/es_es\/wp-json\/wp\/v2\/users\/3"}],"replies":[{"embeddable":true,"href":"https:\/\/decisionsupport.network\/es_es\/wp-json\/wp\/v2\/comments?post=65"}],"version-history":[{"count":12,"href":"https:\/\/decisionsupport.network\/es_es\/wp-json\/wp\/v2\/pages\/65\/revisions"}],"predecessor-version":[{"id":313,"href":"https:\/\/decisionsupport.network\/es_es\/wp-json\/wp\/v2\/pages\/65\/revisions\/313"}],"wp:attachment":[{"href":"https:\/\/decisionsupport.network\/es_es\/wp-json\/wp\/v2\/media?parent=65"}],"curies":[{"name":"wp","href":"https:\/\/api.w.org\/{rel}","templated":true}]}}