{"id":788,"date":"2024-08-26T23:53:12","date_gmt":"2024-08-26T23:53:12","guid":{"rendered":"https:\/\/decisionsupport.network\/?page_id=788"},"modified":"2025-03-05T17:57:24","modified_gmt":"2025-03-05T17:57:24","slug":"usem","status":"publish","type":"page","link":"https:\/\/decisionsupport.network\/es_es\/usem\/","title":{"rendered":"Alianza USEM"},"content":{"rendered":"<div class=\"section-wrapper\" data-id=\"jtKWpC\"><section class=\"wp-block-gutenverse-section guten-element guten-section guten-jtKWpC layout-boxed align-stretch\"><div class=\"guten-container guten-column-gap-default\">\n<div class=\"wp-block-gutenverse-column guten-element guten-column guten-hsVwth\"><div class=\"guten-column-wrapper\" data-id=\"hsVwth\">\n<p><\/p>\n\n\n\n<div class=\"section-wrapper\" data-id=\"fhn1Cg\"><section class=\"wp-block-gutenverse-section guten-element guten-section guten-fhn1Cg layout-boxed align-stretch\"><div class=\"guten-container guten-column-gap-default\">\n<div class=\"wp-block-gutenverse-column guten-element guten-column guten-3ypDY5 animated guten-element-hide desktop-fadeInLeft\"><div class=\"guten-column-wrapper\" data-id=\"3ypDY5\">\n<div class=\"wp-block-gutenverse-image guten-element guten-image guten-215IRG\"><div class=\"guten-image-wrapper\"><img decoding=\"async\" class=\"gutenverse-image-box-filled\" src=\"https:\/\/decisionsupport.network\/wp-content\/uploads\/2025\/02\/Logo-USEM.png\" height=\"253\" width=\"651\"\/><\/div><\/div>\n<\/div><\/div>\n\n\n\n<div class=\"wp-block-gutenverse-column guten-element guten-column guten-GnBS2v animated guten-element-hide desktop-fadeInRight\"><div class=\"guten-column-wrapper\" data-id=\"GnBS2v\">\n<div class=\"wp-block-gutenverse-image guten-element guten-image guten-3UdbnQ\"><div class=\"guten-image-wrapper\"><img decoding=\"async\" class=\"gutenverse-image-box-filled\" src=\"https:\/\/decisionsupport.network\/wp-content\/uploads\/2024\/05\/DSC_withe.png\" height=\"440\" width=\"1077\"\/><\/div><\/div>\n<\/div><\/div>\n<\/div><\/section><\/div>\n\n\n\n<p>La alianza entre USEM y Decision Support Consulting (DSC) representa una uni\u00f3n estrat\u00e9gica para impulsar el crecimiento empresarial y fortalecer el tejido econ\u00f3mico en M\u00e9xico. A trav\u00e9s de esta colaboraci\u00f3n, los empresarios miembros de USEM tendr\u00e1n acceso a los Knowledge Sharing Boards (KSB) de DSC, donde podr\u00e1n compartir experiencias, adquirir nuevas perspectivas y recibir recomendaciones clave para enfrentar los desaf\u00edos actuales del mercado. Esta sinergia permitir\u00e1 no solo el desarrollo de empresas m\u00e1s competitivas, sino tambi\u00e9n la promoci\u00f3n de pr\u00e1cticas empresariales \u00e9ticas y sostenibles en todo el pa\u00eds.<\/p>\n\n\n\n<p><\/p>\n\n\n\n<p><\/p>\n\n\n\n<div class=\"section-wrapper\" data-id=\"gwdXAR\"><section class=\"wp-block-gutenverse-section guten-element guten-section guten-gwdXAR layout-boxed align-stretch\"><div class=\"guten-container guten-column-gap-default\">\n<div class=\"wp-block-gutenverse-column guten-element guten-column guten-NMZuZJ animated guten-element-hide desktop-fadeInUp\"><div class=\"guten-column-wrapper\" data-id=\"NMZuZJ\">\n<h3 class=\"wp-block-gutenverse-heading guten-element guten-wViZcU\">\u00bf En qu\u00e9 consiste y c\u00f3mo participar ?<\/h3>\n\n\n\n<div class=\"guten-element guten-tabs guten-egRK00 horizontal\"><div class=\"tab-heading\"><div class=\"tab-heading-item active\" id=\"tab-NwjRMl\" data-id=\"tab-NwjRMl\"><span>\u00bfEn qu\u00e9 consiste?<\/span><\/div><div class=\"tab-heading-item\" id=\"tab-yVlMKK\" data-id=\"tab-yVlMKK\"><span>Beneficios<\/span><\/div><div class=\"tab-heading-item\" id=\"tab-vi2L6R\" data-id=\"tab-vi2L6R\"><span>M\u00e1s informaci\u00f3n<\/span><\/div><div class=\"tab-heading-item\" id=\"EdXZ5l\" data-id=\"EdXZ5l\"><span>\u00bfC\u00f3mo participar?<\/span><\/div><\/div><div class=\"tab-heading-mobile\"><div class=\"tab-title\"><span>\u00bfEn qu\u00e9 consiste?<\/span><i class=\"tab-dropdown-icon fas\"><\/i><\/div><div class=\"tab-option\"><div data-id=\"tab-NwjRMl\" class=\"tab-option-item active\"><span>\u00bfEn qu\u00e9 consiste?<\/span><\/div><div data-id=\"tab-yVlMKK\" class=\"tab-option-item\"><span>Beneficios<\/span><\/div><div data-id=\"tab-vi2L6R\" class=\"tab-option-item\"><span>M\u00e1s informaci\u00f3n<\/span><\/div><div data-id=\"EdXZ5l\" class=\"tab-option-item\"><span>\u00bfC\u00f3mo participar?<\/span><\/div><\/div><\/div><div class=\"tab-body\">\n<div class=\"tab-NwjRMl tab-body-item\" data-id=\"tab-NwjRMl\">\n<p>Los Knowledge Sharing Boards (KSB) son CONSEJOS CONSULTIVOS DE INTERCAMBIO DE CONOCIMIENTO, en grupos privados y confidenciales de alto nivel donde empresarios y l\u00edderes de diversas industrias se re\u00fanen para compartir experiencias, conocimientos y mejores pr\u00e1cticas. Su objetivo es proporcionar un entorno estructurado y confidencial donde los participantes puedan discutir retos empresariales espec\u00edficos y recibir retroalimentaci\u00f3n valiosa para tomar decisiones informadas y estrat\u00e9gicas.<\/p>\n\n\n\n<h5 class=\"wp-block-heading\">Caracter\u00edsticas clave de los KSB:<\/h5>\n\n\n\n<ol class=\"wp-block-list\">\n<li><strong>Colaboraci\u00f3n y confidencialidad<\/strong>: Los participantes colaboran abiertamente, sabiendo que lo discutido se maneja con total confidencialidad, lo que genera un espacio seguro para compartir desaf\u00edos y oportunidades.<\/li>\n\n\n\n<li><strong>Diversidad de perspectivas<\/strong>: Los KSB re\u00fanen a empresarios de diferentes sectores y tama\u00f1os de empresas, lo que enriquece las discusiones al incorporar una amplia gama de perspectivas y soluciones.<\/li>\n\n\n\n<li><strong>Enfoque en problemas reales<\/strong>: Los temas tratados son espec\u00edficos y relevantes para los miembros, centrados en problemas reales que enfrentan sus empresas, lo que garantiza que las recomendaciones sean pr\u00e1cticas y aplicables.<\/li>\n\n\n\n<li><strong>Facilitaci\u00f3n experta<\/strong>: Un facilitador experimentado dirige las sesiones, asegurando que las discusiones sean productivas y est\u00e9n orientadas a resultados.<\/li>\n\n\n\n<li><strong>Acci\u00f3n e implementaci\u00f3n<\/strong>: M\u00e1s all\u00e1 de las discusiones, los KSB est\u00e1n dise\u00f1ados para generar acciones concretas que los participantes puedan implementar en sus empresas para mejorar su rendimiento y competitividad.<\/li>\n<\/ol>\n\n\n\n<p>En resumen, los KSB son un recurso poderoso para empresarios que buscan aprender de sus pares, obtener nuevas ideas y soluciones, y fortalecer su capacidad para liderar y hacer crecer sus negocios.<\/p>\n<\/div>\n\n\n\n<div class=\"tab-yVlMKK tab-body-item\" data-id=\"tab-yVlMKK\">\n<p>Los beneficios para un miembro de USEM en la alianza con DSC ser\u00e1n:<\/p>\n\n\n\n<ol class=\"wp-block-list\">\n<li><strong>Acceso exclusivo a los Knowledge Sharing Boards (KSB)<\/strong>: Los empresarios podr\u00e1n participar en sesiones donde se compartan mejores pr\u00e1cticas y se generen recomendaciones concretas para afrontar desaf\u00edos espec\u00edficos.\n<ul class=\"wp-block-list\">\n<li>Presentaci\u00f3n de sus casos de negocio (Problemas, Oportunidades, Negocios, situaciones que requieran decisiones complejas, etc.) en un ambiente de total CONFIDENCIALIDAD, rodeados de otros empresarios (que NO COMPITAN) y el amplio grupo de expertos de todo el mundo de nuestra firma.<\/li>\n\n\n\n<li>Consultor\u00eda para la preparaci\u00f3n y elaboraci\u00f3n de sus casos.<\/li>\n\n\n\n<li>Seguimiento de las recomendaciones generadas (Calls to Action o C2A)<\/li>\n\n\n\n<li>Seguimiento de los intercambios de negocio que surjan (Networking y Peer to Peer o P2P)  <\/li>\n<\/ul>\n<\/li>\n\n\n\n<li>Acceso a nuestra plataforma: RED DE APOYO A LA DECISI\u00d3N\n<ul class=\"wp-block-list\">\n<li>Donde encontrar\u00e1s un amplio cat\u00e1logo de servicios, herramientas de networking y mejores pr\u00e1cticas. <\/li>\n\n\n\n<li>acceso al directorio de expertos y empresarios de la red<\/li>\n<\/ul>\n<\/li>\n\n\n\n<li><strong>Consultor\u00eda Colaborativa<\/strong>: A trav\u00e9s de los KSB, los miembros recibir\u00e1n asesor\u00eda personalizada derivada del conocimiento colectivo de otros empresarios y expertos en su sector.\n<ul class=\"wp-block-list\">\n<li>Tambi\u00e9n tendr\u00e1n acceso a consultas iniciales (sin costo) con cualquiera de los expertos de todo el mundo de nuestra firma. Los servicios de consultor\u00eda que despu\u00e9s se requieran tendr\u00e1n un precio especial para miembros de USEM.<\/li>\n<\/ul>\n<\/li>\n\n\n\n<li><strong>Oportunidades de trabajo en red<\/strong>: La alianza facilitar\u00e1 la conexi\u00f3n con empresarios de diversas industrias, promoviendo la creaci\u00f3n de alianzas estrat\u00e9gicas y colaboraciones.<\/li>\n\n\n\n<li><strong>Fortalecimiento de habilidades empresariales y de liderazgo<\/strong>: Participar en los KSB permitir\u00e1 a los miembros desarrollar competencias clave para la toma de decisiones y el liderazgo efectivo en sus organizaciones.\n<ul class=\"wp-block-list\">\n<li>Acceso a los programas de Alta direcci\u00f3n del DECISION SUPPORT INSTITUTE, nuestra filial de educaci\u00f3n en programas ejecutivos.<\/li>\n<\/ul>\n<\/li>\n\n\n\n<li><strong>Mejora continua<\/strong>: La retroalimentaci\u00f3n y el intercambio de conocimientos en los KSB impulsar\u00e1n la innovaci\u00f3n y la mejora continua en las empresas, ayud\u00e1ndolas a adaptarse mejor a los cambios del mercado.<\/li>\n\n\n\n<li><strong>Implementaci\u00f3n de pr\u00e1cticas ESG (Environmental, Social, and Governance)<\/strong>: Los miembros interesados contar\u00e1n con un di\u00e1gnostico inicial de ESG y podr\u00e1n acceder a recursos, talleres y asesor\u00eda especializada para integrar pr\u00e1cticas sostenibles, responsables y \u00e9ticas en sus operaciones, mejorando su impacto ambiental y social mientras fortalecen la gobernanza corporativa.<\/li>\n<\/ol>\n<\/div>\n\n\n\n<div class=\"tab-vi2L6R tab-body-item\" data-id=\"tab-vi2L6R\">\n<p>Si requieres m\u00e1s informaci\u00f3n, platica con uno de nuestros BOARD MANAGERS quien te explicar\u00e1 con detalles el funcionamiento y los beneficios de participar, env\u00edanos un correo a \"alianzausem@decisionsupport.consulting\" o concerta una cita aqu\u00ed:<\/p>\n\n\n\n<div class=\"guten-element guten-button-wrapper guten-lM8cwg\"><a class=\"guten-button guten-button-sm\" href=\"#\"><span>Programar una conversaci\u00f3n<\/span><\/a><\/div>\n<\/div>\n\n\n\n<div class=\"EdXZ5l tab-body-item\" data-id=\"EdXZ5l\">\n<p>Para el correcto dise\u00f1o de nuestros KSB\u00ae, es decir, que no haya competidores, que las empresas de tu grupo tengan sinergia, tama\u00f1os similares, etc. es importante completar el siguiente formulario de registro, toda la informaci\u00f3n estar\u00e1 custodiada por DSC en cumplimiento a la Ley y de acuerdo a nuestras pol\u00edticas de privacidad, que podr\u00e1s conocer en: <a href=\"https:\/\/decisionsupport.network\/es_es\/privacy-policy\/\">http:\/\/www.decisionsupport.network\/privacy-policy<\/a><\/p>\n\n\n\n<div class=\"guten-element guten-spacer guten-Sy8Vmo\"><\/div>\n\n\n\n<div class=\"guten-element guten-button-wrapper guten-AtSVYy\"><a class=\"guten-button guten-button-sm\" href=\"https:\/\/forms.office.com\/r\/XhrvtHD6NC\" aria-label=\"\"><span>Aplica aqu\u00ed<\/span><\/a><\/div>\n<\/div>\n<\/div><\/div>\n\n\n\n<p><\/p>\n<\/div><\/div>\n<\/div><\/section><\/div>\n\n\n\n<div class=\"section-wrapper\" data-id=\"Je3XHx\"><section class=\"wp-block-gutenverse-section guten-element guten-section guten-Je3XHx layout-boxed align-stretch\"><div class=\"guten-container guten-column-gap-default\">\n<div class=\"wp-block-gutenverse-column guten-element guten-column guten-igryqI animated guten-element-hide desktop-fadeInUp\"><div class=\"guten-column-wrapper\" data-id=\"igryqI\">\n<div class=\"guten-element guten-spacer guten-FApKNm\"><\/div>\n\n\n\n<div class=\"guten-element guten-spacer guten-68ALFR\"><\/div>\n<\/div><\/div>\n<\/div><\/section><\/div>\n\n\n\n<figure class=\"guten-element guten-video guten-ApvPKU animated guten-element-hide desktop-fadeInUp\"><div class=\"guten-video-wrapper\" data-property=\"{&quot;url&quot;:&quot;https:\/\/www.youtube.com\/watch?v=RGgrPBe1kgs&quot;,&quot;class&quot;:&quot;guten-video-background&quot;,&quot;width&quot;:&quot;100%&quot;,&quot;height&quot;:&quot;500px&quot;,&quot;controls&quot;:true,&quot;playsinline&quot;:true,&quot;style&quot;:{},&quot;config&quot;:{&quot;youtube&quot;:{&quot;playerVars&quot;:{}}}}\"><\/div><\/figure>\n<\/div><\/div>\n<\/div><\/section><\/div>","protected":false},"excerpt":{"rendered":"","protected":false},"author":2,"featured_media":0,"parent":0,"menu_order":0,"comment_status":"closed","ping_status":"closed","template":"","meta":{"_EventAllDay":false,"_EventTimezone":"","_EventStartDate":"","_EventEndDate":"","_EventStartDateUTC":"","_EventEndDateUTC":"","_EventShowMap":false,"_EventShowMapLink":false,"_EventURL":"","_EventCost":"","_EventCostDescription":"","_EventCurrencySymbol":"","_EventCurrencyCode":"","_EventCurrencyPosition":"","_EventDateTimeSeparator":"","_EventTimeRangeSeparator":"","_EventOrganizerID":[],"_EventVenueID":[],"_OrganizerEmail":"","_OrganizerPhone":"","_OrganizerWebsite":"","_VenueAddress":"","_VenueCity":"","_VenueCountry":"","_VenueProvince":"","_VenueState":"","_VenueZip":"","_VenuePhone":"","_VenueURL":"","_VenueStateProvince":"","_VenueLat":"","_VenueLng":"","_VenueShowMap":false,"_VenueShowMapLink":false,"footnotes":""},"class_list":["post-788","page","type-page","status-publish","hentry"],"_links":{"self":[{"href":"https:\/\/decisionsupport.network\/es_es\/wp-json\/wp\/v2\/pages\/788","targetHints":{"allow":["GET"]}}],"collection":[{"href":"https:\/\/decisionsupport.network\/es_es\/wp-json\/wp\/v2\/pages"}],"about":[{"href":"https:\/\/decisionsupport.network\/es_es\/wp-json\/wp\/v2\/types\/page"}],"author":[{"embeddable":true,"href":"https:\/\/decisionsupport.network\/es_es\/wp-json\/wp\/v2\/users\/2"}],"replies":[{"embeddable":true,"href":"https:\/\/decisionsupport.network\/es_es\/wp-json\/wp\/v2\/comments?post=788"}],"version-history":[{"count":3,"href":"https:\/\/decisionsupport.network\/es_es\/wp-json\/wp\/v2\/pages\/788\/revisions"}],"predecessor-version":[{"id":825,"href":"https:\/\/decisionsupport.network\/es_es\/wp-json\/wp\/v2\/pages\/788\/revisions\/825"}],"wp:attachment":[{"href":"https:\/\/decisionsupport.network\/es_es\/wp-json\/wp\/v2\/media?parent=788"}],"curies":[{"name":"wp","href":"https:\/\/api.w.org\/{rel}","templated":true}]}}