{"id":108,"date":"2024-06-03T04:29:37","date_gmt":"2024-06-03T04:29:37","guid":{"rendered":"http:\/\/decisionsupport.network\/?page_id=108"},"modified":"2024-06-06T07:31:05","modified_gmt":"2024-06-06T07:31:05","slug":"ksboards","status":"publish","type":"page","link":"https:\/\/decisionsupport.network\/fr_fr\/ksboards\/","title":{"rendered":"Knowledge Sharing Boards\u00ae"},"content":{"rendered":"\n\n\n\n\n\n\n\n\n\n\n\n\n\n\n\n\n\n\n<div class=\"wp-block-columns is-layout-flex wp-container-core-columns-is-layout-28f84493 wp-block-columns-is-layout-flex\">\n<div class=\"wp-block-column is-layout-flow wp-block-column-is-layout-flow\">\n<div class=\"wp-block-columns is-layout-flex wp-container-core-columns-is-layout-28f84493 wp-block-columns-is-layout-flex\">\n<div class=\"wp-block-column is-layout-flow wp-block-column-is-layout-flow\">\n<div class=\"wp-block-columns is-layout-flex wp-container-core-columns-is-layout-28f84493 wp-block-columns-is-layout-flex\">\n<div class=\"wp-block-column is-layout-flow wp-block-column-is-layout-flow\">\n<div class=\"wp-block-columns is-layout-flex wp-container-core-columns-is-layout-28f84493 wp-block-columns-is-layout-flex\">\n<div class=\"wp-block-column is-layout-flow wp-block-column-is-layout-flow\">\n<div class=\"wp-block-columns is-style-customboxshadow is-layout-flex wp-container-core-columns-is-layout-28f84493 wp-block-columns-is-layout-flex\">\n<div class=\"wp-block-column is-layout-flow wp-block-column-is-layout-flow\">\n<div class=\"wp-block-group is-layout-constrained wp-block-group-is-layout-constrained\">\n<div class=\"wp-block-group is-layout-constrained wp-block-group-is-layout-constrained\">\n<div class=\"wp-block-columns is-layout-flex wp-container-core-columns-is-layout-28f84493 wp-block-columns-is-layout-flex\">\n<div class=\"wp-block-column is-layout-flow wp-block-column-is-layout-flow\">\n<div class=\"wp-block-column is-layout-flow wp-block-column-is-layout-flow\">\n<h2 class=\"wp-block-heading has-text-align-left is-style-lineseparator zeever-animate zeever-move-right zeever-delay-1 has-zeever-primary-color has-text-color has-heading-2-font-size zeever-animate-init\" style=\"font-style:normal;font-weight:600\"><strong>Open KSB\u00ae<\/strong><\/h2>\n\n\n\n<h2 class=\"wp-block-heading has-text-align-left zeever-animate zeever-move-right zeever-delay-3 has-zeever-secondary-color has-text-color has-tiny-font-size zeever-animate-init\" style=\"font-style:normal;font-weight:500;text-transform:uppercase\">\u00bfQuieres probar? Participa en un Open KSB\u00ae<\/h2>\n<\/div>\n<\/div>\n\n\n\n<div class=\"wp-block-column is-layout-flow wp-block-column-is-layout-flow\">\n<div class=\"wp-block-column is-vertically-aligned-center is-layout-flow wp-block-column-is-layout-flow\">\n<div class=\"wp-block-buttons is-content-justification-right is-layout-flex wp-container-core-buttons-is-layout-2 wp-block-buttons-is-layout-flex\">\n<div class=\"wp-block-button is-style-custombuttonborder3 zeever-animate zeever-move-left zeever-delay-1 zeever-animate-init\"><a class=\"wp-block-button__link wp-element-button\" href=\"http:\/\/decisionsupport.network\/aplicar\/\" style=\"padding-top:18px;padding-right:30px;padding-bottom:18px;padding-left:30px\">participa \u2192<\/a><\/div>\n<\/div>\n<\/div>\n<\/div>\n<\/div>\n<\/div>\n<\/div>\n<\/div>\n<\/div>\n<\/div>\n<\/div>\n<\/div>\n<\/div>\n<\/div>\n<\/div>\n\n\n\n<div class=\"wp-block-columns is-layout-flex wp-container-core-columns-is-layout-28f84493 wp-block-columns-is-layout-flex\">\n<div class=\"wp-block-column is-layout-flow wp-block-column-is-layout-flow\" style=\"flex-basis:100%\">\n<div class=\"wp-block-group is-vertical is-content-justification-center is-layout-flex wp-container-core-group-is-layout-ce155fab wp-block-group-is-layout-flex\">\n<div class=\"wp-block-group is-layout-constrained wp-block-group-is-layout-constrained\"><div><style id=\"wp_carousel_dynamic_css48\">.sp-wp-carousel-free-id-48.wpcf-fancybox-wrapper .fancybox-bg{background: #0b0b0b;opacity: 0.8;}.sp-wp-carousel-free-id-48.wpcf-fancybox-wrapper .fancybox-navigation .fancybox-button .wpcp-fancybox-nav-arrow i {color: #ccc;}.sp-wp-carousel-free-id-48.wpcf-fancybox-wrapper .fancybox-navigation .fancybox-button .wpcp-fancybox-nav-arrow i:hover {color: #fff;}.sp-wp-carousel-free-id-48.wpcf-fancybox-wrapper .fancybox-navigation .fancybox-button {background: #1e1e1e;}.sp-wp-carousel-free-id-48.wpcf-fancybox-wrapper .fancybox-navigation .fancybox-button:hover {background: #1e1e1e;}#sp-wp-carousel-free-id-48 .wpcp-swiper-dots {margin: 40px 0px 0px 0px;}.wpcp-wrapper-48 .swiper-wrapper .swiper-slide-kenburn, .wpcp-wrapper-48 .swiper-wrapper, .wpcp-wrapper-48 .wpcpro-row{align-items: center;}#sp-wp-carousel-free-id-48 .wpcp-single-item {box-shadow: 0px 0px 0px 0px #dddddd;transition: all .3s;margin: 0px;}#sp-wp-carousel-free-id-48.swiper-flip .wpcp-single-item{margin: 0!important;}#sp-wp-carousel-free-id-48 .wpcp-single-item:hover {box-shadow: 0px 0px 0px 0px #dddddd;}#sp-wp-carousel-free-id-48.sp-wpcp-48 .wpcp-single-item {border: 1px solid #dddddd;}#sp-wp-carousel-free-id-48.wpcp-carousel-section.sp-wpcp-48 .swiper-button-prev,#sp-wp-carousel-free-id-48.wpcp-carousel-section.sp-wpcp-48 .swiper-button-next,#sp-wp-carousel-free-id-48.wpcp-carousel-section.sp-wpcp-48 .swiper-button-prev:hover,#sp-wp-carousel-free-id-48.wpcp-carousel-section.sp-wpcp-48 .swiper-button-next:hover {font-size: 18px ; font-weight: 400;}#sp-wp-carousel-free-id-48.sp-wpcp-48 .swiper-button-prev,#sp-wp-carousel-free-id-48.sp-wpcp-48 .swiper-button-next,#sp-wp-carousel-free-id-48.sp-wpcp-48 .swiper-button-prev:hover,#sp-wp-carousel-free-id-48.sp-wpcp-48 .swiper-button-next:hover {background: none;border: none;font-size: 30px;}#sp-wp-carousel-free-id-48.sp-wpcp-48 .swiper-button-prev i,#sp-wp-carousel-free-id-48.sp-wpcp-48 .swiper-button-next i {color: #aaa;}#sp-wp-carousel-free-id-48.sp-wpcp-48 .swiper-button-prev i:hover,#sp-wp-carousel-free-id-48.sp-wpcp-48 .swiper-button-next i:hover {color: #178087;}#sp-wp-carousel-free-id-48.sp-wpcp-48 .wpcp-swiper-dots .swiper-pagination-bullet {background-color: #cccccc;}#sp-wp-carousel-free-id-48.sp-wpcp-48 .wpcp-swiper-dots .swiper-pagination-bullet.swiper-pagination-bullet-active {background-color: #178087;} #sp-wp-carousel-free-id-48.sp-wpcp-48.wpcp-image-carousel .wpcp-single-item:hover img, #sp-wp-carousel-free-id-48.sp-wpcp-48.wpcp-post-carousel .wpcp-single-item:hover img, #sp-wp-carousel-free-id-48.sp-wpcp-48.wpcp-product-carousel .wpcp-single-item:hover img{-webkit-transform: scale(1.2);-moz-transform: scale(1.2);transform: scale(1.2);}#sp-wp-carousel-free-id-48 .wpcpro-row>[class*=\"wpcpro-col-\"] { padding: 0 10px; padding-bottom: 20px;} #sp-wp-carousel-free-id-48 .swiper-slide .single-item-fade:not(:last-child) { margin-right: 20px;}@media (min-width: 480px) { .wpcpro-row .wpcpro-col-sm-1 { flex: 0 0 100%; max-width: 100%; } .wpcpro-row .wpcpro-col-sm-2 { flex: 0 0 50%; max-width: 50%; } .wpcpro-row .wpcpro-col-sm-2-5 { flex: 0 0 75%; max-width: 75%; } .wpcpro-row .wpcpro-col-sm-3 { flex: 0 0 33.333%; max-width: 33.333%; } .wpcpro-row .wpcpro-col-sm-4 { flex: 0 0 25%; max-width: 25%; } .wpcpro-row .wpcpro-col-sm-5 { flex: 0 0 20%; max-width: 20%; } .wpcpro-row .wpcpro-col-sm-6 { flex: 0 0 16.66666666666667%; max-width: 16.66666666666667%; } .wpcpro-row .wpcpro-col-sm-7 { flex: 0 0 14.28571428%; max-width: 14.28571428%; } .wpcpro-row .wpcpro-col-sm-8 { flex: 0 0 12.5%; max-width: 12.5%; } } @media (max-width: 480px) { .wpcpro-row .wpcpro-col-xs-1 { flex: 0 0 100%; max-width: 100%; } .wpcpro-row .wpcpro-col-xs-2 { flex: 0 0 50%; max-width: 50%; } .wpcpro-row .wpcpro-col-xs-3 { flex: 0 0 33.222%; max-width: 33.222%; } .wpcpro-row .wpcpro-col-xs-4 { flex: 0 0 25%; max-width: 25%; } .wpcpro-row .wpcpro-col-xs-5 { flex: 0 0 20%; max-width: 20%; } .wpcpro-row .wpcpro-col-xs-6 { flex: 0 0 16.6667%; max-width: 16.6667%; } .wpcpro-row .wpcpro-col-xs-7 { flex: 0 0 14.28571428%; max-width: 14.28571428%; } .wpcpro-row .wpcpro-col-xs-8 { flex: 0 0 12.5%; max-width: 12.5%; } } @media (min-width: 736px) { .wpcpro-row .wpcpro-col-md-1 { flex: 0 0 100%; max-width: 100%; } .wpcpro-row .wpcpro-col-md-2 { flex: 0 0 50%; max-width: 50%; } .wpcpro-row .wpcpro-col-md-2-5 { flex: 0 0 75%; max-width: 75%; } .wpcpro-row .wpcpro-col-md-3 { flex: 0 0 33.333%; max-width: 33.333%; } .wpcpro-row .wpcpro-col-md-4 { flex: 0 0 25%; max-width: 25%; } .wpcpro-row .wpcpro-col-md-5 { flex: 0 0 20%; max-width: 20%; } .wpcpro-row .wpcpro-col-md-6 { flex: 0 0 16.66666666666667%; max-width: 16.66666666666667%; } .wpcpro-row .wpcpro-col-md-7 { flex: 0 0 14.28571428%; max-width: 14.28571428%; } .wpcpro-row .wpcpro-col-md-8 { flex: 0 0 12.5%; max-width: 12.5%; } } @media (min-width: 980px) { .wpcpro-row .wpcpro-col-lg-1 { flex: 0 0 100%; max-width: 100%; } .wpcpro-row .wpcpro-col-lg-2 { flex: 0 0 50%; max-width: 50%; } .wpcpro-row .wpcpro-col-lg-3 { flex: 0 0 33.222%; max-width: 33.222%; } .wpcpro-row .wpcpro-col-lg-4 { flex: 0 0 25%; max-width: 25%; } .wpcpro-row .wpcpro-col-lg-5 { flex: 0 0 20%; max-width: 20%; } .wpcpro-row .wpcpro-col-lg-6 { flex: 0 0 16.6667%; max-width: 16.6667%; } .wpcpro-row .wpcpro-col-lg-7 { flex: 0 0 14.28571428%; max-width: 14.28571428%; } .wpcpro-row .wpcpro-col-lg-8 { flex: 0 0 12.5%; max-width: 12.5%; } } @media (min-width: 1200px) { .wpcpro-row .wpcpro-col-xl-1 { flex: 0 0 100%; max-width: 100%; } .wpcpro-row .wpcpro-col-xl-2 { flex: 0 0 50%; max-width: 50%; } .wpcpro-row .wpcpro-col-xl-3 { flex: 0 0 33.22222222%; max-width: 33.22222222%; } .wpcpro-row .wpcpro-col-xl-4 { flex: 0 0 25%; max-width: 25%; } .wpcpro-row .wpcpro-col-xl-5 { flex: 0 0 20%; max-width: 20%; } .wpcpro-row .wpcpro-col-xl-6 { flex: 0 0 16.66667%; max-width: 16.66667%; } .wpcpro-row .wpcpro-col-xl-7 { flex: 0 0 14.28571428%; max-width: 14.28571428%; } .wpcpro-row .wpcpro-col-xl-8 { flex: 0 0 12.5%; max-width: 12.5%; } }<\/style><div class=\"wpcp-carousel-wrapper wpcp-wrapper-48\">\n\t<div id=\"wpcp-preloader-48\" class=\"wpcp-carousel-preloader\"><img decoding=\"async\" src=\"https:\/\/decisionsupport.network\/wp-content\/plugins\/wp-carousel-free\/public\/css\/spinner.svg\" alt=\"Preloader Image\" \/><\/div>\t<div class=\"wpcp-carousel-content-wrapper\">\n\t<div id=\"sp-wp-carousel-free-id-48\" class=\"wpcp-carousel-section sp-wpcp-48  nav-vertical-center wpcp-image-carousel wpcp-preloader wpcp-standard\" data-swiper='{ &quot;pagination_type&quot;: &quot;dots&quot;,&quot;accessibility&quot;:true, &quot;spaceBetween&quot;:20, &quot;arrows&quot;:true, &quot;freeMode&quot;: true, &quot;autoplay&quot;:true, &quot;effect&quot;: &quot;&quot;, &quot;centerMode&quot;: false, &quot;autoplaySpeed&quot;:3000, &quot;dots&quot;:true, &quot;infinite&quot;:true, &quot;speed&quot;:600, &quot;pauseOnHover&quot;:true,\n\t\t\t&quot;slidesToShow&quot;:{&quot;lg_desktop&quot;:5, &quot;desktop&quot;: 4, &quot;laptop&quot;: 3, &quot;tablet&quot;: 2, &quot;mobile&quot;: 1}, &quot;responsive&quot;:{&quot;desktop&quot;:1200, &quot;laptop&quot;: 980, &quot;tablet&quot;: 736, &quot;mobile&quot;: 480}, &quot;rtl&quot;:false, &quot;lazyLoad&quot;: &quot;false&quot;, &quot;swipe&quot;: true, &quot;draggable&quot;: true, &quot;swipeToSlide&quot;:false }' dir=\"ltr\">\n\t\t<div class=\"swiper-wrapper\">\n\t\t<div class=\"swiper-slide\">\n\t<div class=\"wpcp-single-item\">\n\t\t\t<a class=\"wcp-light-box\" data-buttons='[\"close\"]' data-wpc_url='https:\/\/decisionsupport.network\/wp-content\/uploads\/2024\/05\/DSC-KSB-TSA-Armando-Herrera-300x169.png' href=\"https:\/\/decisionsupport.network\/wp-content\/uploads\/2024\/05\/DSC-KSB-TSA-Armando-Herrera.png\" data-fancybox=\"wpcp_view\">\n\t\t<figure>\n\t\t\t<img decoding=\"async\" class=\"skip-lazy\" src=\"https:\/\/decisionsupport.network\/wp-content\/uploads\/2024\/05\/DSC-KSB-TSA-Armando-Herrera-300x169.png\" alt=\"DSC-KSB-TSA-Armando-Herrera\" width=\"300\" height=\"169\">\t\t<\/figure>\n\t<\/a>\n\t\t<\/div>\n<\/div>\n\t<div class=\"swiper-slide\">\n\t<div class=\"wpcp-single-item\">\n\t\t\t<a class=\"wcp-light-box\" data-buttons='[\"close\"]' data-wpc_url='https:\/\/decisionsupport.network\/wp-content\/uploads\/2024\/05\/DSC-KSB-SOLUZIONO-Luis-Miguel-Esteban-13032024-300x180.png' href=\"https:\/\/decisionsupport.network\/wp-content\/uploads\/2024\/05\/DSC-KSB-SOLUZIONO-Luis-Miguel-Esteban-13032024.png\" data-fancybox=\"wpcp_view\">\n\t\t<figure>\n\t\t\t<img decoding=\"async\" class=\"skip-lazy\" src=\"https:\/\/decisionsupport.network\/wp-content\/uploads\/2024\/05\/DSC-KSB-SOLUZIONO-Luis-Miguel-Esteban-13032024-300x180.png\" alt=\"DSC-KSB-SOLUZIONO-Luis-Miguel-Esteban-13032024\" width=\"300\" height=\"180\">\t\t<\/figure>\n\t<\/a>\n\t\t<\/div>\n<\/div>\n\t<div class=\"swiper-slide\">\n\t<div class=\"wpcp-single-item\">\n\t\t\t<a class=\"wcp-light-box\" data-buttons='[\"close\"]' data-wpc_url='https:\/\/decisionsupport.network\/wp-content\/uploads\/2024\/05\/DSC-OKSB-IMRC-Adalberto-Olivares-300x169.png' href=\"https:\/\/decisionsupport.network\/wp-content\/uploads\/2024\/05\/DSC-OKSB-IMRC-Adalberto-Olivares.png\" data-fancybox=\"wpcp_view\">\n\t\t<figure>\n\t\t\t<img decoding=\"async\" class=\"skip-lazy\" src=\"https:\/\/decisionsupport.network\/wp-content\/uploads\/2024\/05\/DSC-OKSB-IMRC-Adalberto-Olivares-300x169.png\" alt=\"DSC-OKSB-IMRC-Adalberto-Olivares\" width=\"300\" height=\"169\">\t\t<\/figure>\n\t<\/a>\n\t\t<\/div>\n<\/div>\n\t<div class=\"swiper-slide\">\n\t<div class=\"wpcp-single-item\">\n\t\t\t<a class=\"wcp-light-box\" data-buttons='[\"close\"]' data-wpc_url='https:\/\/decisionsupport.network\/wp-content\/uploads\/2024\/05\/DSC-KSB-TAEC_Victor-Sancez-27022023-300x169.png' href=\"https:\/\/decisionsupport.network\/wp-content\/uploads\/2024\/05\/DSC-KSB-TAEC_Victor-Sancez-27022023.png\" data-fancybox=\"wpcp_view\">\n\t\t<figure>\n\t\t\t<img decoding=\"async\" class=\"skip-lazy\" src=\"https:\/\/decisionsupport.network\/wp-content\/uploads\/2024\/05\/DSC-KSB-TAEC_Victor-Sancez-27022023-300x169.png\" alt=\"DSC-KSB-TAEC_Victor-Sancez-27022023\" width=\"300\" height=\"169\">\t\t<\/figure>\n\t<\/a>\n\t\t<\/div>\n<\/div>\n\t<div class=\"swiper-slide\">\n\t<div class=\"wpcp-single-item\">\n\t\t\t<a class=\"wcp-light-box\" data-buttons='[\"close\"]' data-wpc_url='https:\/\/decisionsupport.network\/wp-content\/uploads\/2024\/05\/DSC-KSB-Zahal-Alfredo-Velasco-13032024-300x169.png' href=\"https:\/\/decisionsupport.network\/wp-content\/uploads\/2024\/05\/DSC-KSB-Zahal-Alfredo-Velasco-13032024.png\" data-fancybox=\"wpcp_view\">\n\t\t<figure>\n\t\t\t<img decoding=\"async\" class=\"skip-lazy\" src=\"https:\/\/decisionsupport.network\/wp-content\/uploads\/2024\/05\/DSC-KSB-Zahal-Alfredo-Velasco-13032024-300x169.png\" alt=\"DSC-KSB-Zahal-Alfredo Velasco-13032024\" width=\"300\" height=\"169\">\t\t<\/figure>\n\t<\/a>\n\t\t<\/div>\n<\/div>\n\t<div class=\"swiper-slide\">\n\t<div class=\"wpcp-single-item\">\n\t\t\t<a class=\"wcp-light-box\" data-buttons='[\"close\"]' data-wpc_url='https:\/\/decisionsupport.network\/wp-content\/uploads\/2024\/05\/DSC-KSB-Tralcom-300x169.png' href=\"https:\/\/decisionsupport.network\/wp-content\/uploads\/2024\/05\/DSC-KSB-Tralcom.png\" data-fancybox=\"wpcp_view\">\n\t\t<figure>\n\t\t\t<img decoding=\"async\" class=\"skip-lazy\" src=\"https:\/\/decisionsupport.network\/wp-content\/uploads\/2024\/05\/DSC-KSB-Tralcom-300x169.png\" alt=\"DSC-KSB-Tralcom\" width=\"300\" height=\"169\">\t\t<\/figure>\n\t<\/a>\n\t\t<\/div>\n<\/div>\n\t<div class=\"swiper-slide\">\n\t<div class=\"wpcp-single-item\">\n\t\t\t<a class=\"wcp-light-box\" data-buttons='[\"close\"]' data-wpc_url='https:\/\/decisionsupport.network\/wp-content\/uploads\/2024\/05\/DSC-KSB-Spicy-Alejandro-Perez-300x169.png' href=\"https:\/\/decisionsupport.network\/wp-content\/uploads\/2024\/05\/DSC-KSB-Spicy-Alejandro-Perez.png\" data-fancybox=\"wpcp_view\">\n\t\t<figure>\n\t\t\t<img decoding=\"async\" class=\"skip-lazy\" src=\"https:\/\/decisionsupport.network\/wp-content\/uploads\/2024\/05\/DSC-KSB-Spicy-Alejandro-Perez-300x169.png\" alt=\"DSC-KSB-Spicy-Alejandro Perez\" width=\"300\" height=\"169\">\t\t<\/figure>\n\t<\/a>\n\t\t<\/div>\n<\/div>\n\t\t\t<\/div>\n\t\t\t\t\t<div class=\"wpcp-swiper-dots swiper-pagination\"><\/div>\n\t\t\t\t<!-- If we need navigation buttons -->\n\t\t\t\t\t<div class=\"wpcp-prev-button swiper-button-prev\"><i class=\"fa fa-angle-left\"><\/i><\/div>\n\t\t\t<div class=\"wpcp-next-button swiper-button-next\"><i class=\"fa fa-angle-right\"><\/i><\/div>\n\t\t\t<\/div>\n\t<\/div>\n<\/div>\n<\/div><\/div>\n<\/div>\n\n\n\n<div class=\"wp-block-columns is-layout-flex wp-container-core-columns-is-layout-28f84493 wp-block-columns-is-layout-flex\">\n<div class=\"wp-block-column is-layout-flow wp-block-column-is-layout-flow\" style=\"flex-basis:25%\"><\/div>\n\n\n\n<div class=\"wp-block-column is-layout-flow wp-block-column-is-layout-flow\" style=\"flex-basis:50%\">\n<p>Participate in an exclusive session with other entrepreneurs and our high-level experts, where you will have the opportunity to present any problem, challenge, business, or situation that requires critical decisions.<\/p>\n\n\n\n<p>In these sessions, you will experience the effectiveness of our innovative methodology while benefiting from shared wisdom and collaborative consulting in a fully confidential environment, guaranteed by non-disclosure agreements (NDAs) signed by all participants.<\/p>\n\n\n\n<p>In addition to receiving strategic recommendations and practical solutions, you will have the opportunity to establish valuable contacts and business exchange opportunities, thereby strengthening your professional network and increasing the chances of success for your company.<\/p>\n<\/div>\n\n\n\n<div class=\"wp-block-column is-layout-flow wp-block-column-is-layout-flow\" style=\"flex-basis:25%\"><\/div>\n<\/div>\n<\/div>\n<\/div>\n<\/div>\n<\/div>\n","protected":false},"excerpt":{"rendered":"<p>Open KSB\u00ae \u00bfQuieres probar ? Participa en un Open KSB\u00ae participa \u2192 Participez \u00e0 une session exclusive avec d'autres entrepreneurs et nos experts de haut niveau, o\u00f9 vous aurez l'occasion de pr\u00e9senter un probl\u00e8me, un d\u00e9fi, une entreprise ou une situation qui n\u00e9cessite des d\u00e9cisions critiques. Au cours de ces sessions, vous d\u00e9couvrirez l'efficacit\u00e9 de notre m\u00e9thodologie innovante tout en b\u00e9n\u00e9ficiant d'une sagesse partag\u00e9e et d'un conseil collaboratif dans un environnement totalement confidentiel, garanti par des accords de non-divulgation (NDA) sign\u00e9s par tous les participants. En plus de recevoir des recommandations strat\u00e9giques et des solutions pratiques, vous aurez l'occasion d'\u00e9tablir des contacts pr\u00e9cieux et des opportunit\u00e9s d'\u00e9changes commerciaux, ce qui renforcera votre position sur le march\u00e9.<\/p>","protected":false},"author":3,"featured_media":0,"parent":0,"menu_order":0,"comment_status":"closed","ping_status":"closed","template":"","meta":{"_EventAllDay":false,"_EventTimezone":"","_EventStartDate":"","_EventEndDate":"","_EventStartDateUTC":"","_EventEndDateUTC":"","_EventShowMap":false,"_EventShowMapLink":false,"_EventURL":"","_EventCost":"","_EventCostDescription":"","_EventCurrencySymbol":"","_EventCurrencyCode":"","_EventCurrencyPosition":"","_EventDateTimeSeparator":"","_EventTimeRangeSeparator":"","_EventOrganizerID":[],"_EventVenueID":[],"_OrganizerEmail":"","_OrganizerPhone":"","_OrganizerWebsite":"","_VenueAddress":"","_VenueCity":"","_VenueCountry":"","_VenueProvince":"","_VenueState":"","_VenueZip":"","_VenuePhone":"","_VenueURL":"","_VenueStateProvince":"","_VenueLat":"","_VenueLng":"","_VenueShowMap":false,"_VenueShowMapLink":false,"footnotes":""},"class_list":["post-108","page","type-page","status-publish","hentry"],"_links":{"self":[{"href":"https:\/\/decisionsupport.network\/fr_fr\/wp-json\/wp\/v2\/pages\/108","targetHints":{"allow":["GET"]}}],"collection":[{"href":"https:\/\/decisionsupport.network\/fr_fr\/wp-json\/wp\/v2\/pages"}],"about":[{"href":"https:\/\/decisionsupport.network\/fr_fr\/wp-json\/wp\/v2\/types\/page"}],"author":[{"embeddable":true,"href":"https:\/\/decisionsupport.network\/fr_fr\/wp-json\/wp\/v2\/users\/3"}],"replies":[{"embeddable":true,"href":"https:\/\/decisionsupport.network\/fr_fr\/wp-json\/wp\/v2\/comments?post=108"}],"version-history":[{"count":20,"href":"https:\/\/decisionsupport.network\/fr_fr\/wp-json\/wp\/v2\/pages\/108\/revisions"}],"predecessor-version":[{"id":320,"href":"https:\/\/decisionsupport.network\/fr_fr\/wp-json\/wp\/v2\/pages\/108\/revisions\/320"}],"wp:attachment":[{"href":"https:\/\/decisionsupport.network\/fr_fr\/wp-json\/wp\/v2\/media?parent=108"}],"curies":[{"name":"wp","href":"https:\/\/api.w.org\/{rel}","templated":true}]}}