{"id":251,"date":"2024-06-05T20:57:11","date_gmt":"2024-06-05T20:57:11","guid":{"rendered":"https:\/\/decisionsupport.network\/?page_id=251"},"modified":"2024-06-06T06:48:58","modified_gmt":"2024-06-06T06:48:58","slug":"business-use-cases-eng","status":"publish","type":"page","link":"https:\/\/decisionsupport.network\/fr_fr\/business-use-cases-eng\/","title":{"rendered":"Cas d'utilisation par les entreprises"},"content":{"rendered":"<div class=\"section-wrapper\" data-id=\"r8X9Sy\"><section class=\"wp-block-gutenverse-section guten-element guten-section guten-r8X9Sy layout-boxed align-stretch\"><div class=\"guten-background-overlay\"><\/div><div class=\"guten-shape-divider guten-shape-divider-top\"><\/div><div class=\"guten-shape-divider guten-shape-divider-bottom\"><\/div><div class=\"guten-container guten-column-gap-default\">\n<div class=\"wp-block-gutenverse-column guten-element guten-column guten-9Lv2n5\"><div class=\"guten-background-overlay\"><\/div><div class=\"sticky-wrapper\" data-id=\"9Lv2n5\"><div class=\"guten-column-wrapper\">\n<figure class=\"guten-element guten-video guten-GScMNc\"><div class=\"guten-video-wrapper\" data-property=\"{&quot;url&quot;:&quot;https:\/\/youtu.be\/50zAJG2hpls&quot;,&quot;class&quot;:&quot;guten-video-background&quot;,&quot;width&quot;:&quot;100%&quot;,&quot;height&quot;:&quot;500px&quot;,&quot;controls&quot;:true,&quot;playsinline&quot;:true,&quot;style&quot;:{},&quot;config&quot;:{&quot;youtube&quot;:{&quot;playerVars&quot;:{}}}}\"><\/div><\/figure>\n<\/div><\/div><\/div>\n\n\n\n<div class=\"wp-block-gutenverse-column guten-element guten-column guten-9U762w\"><div class=\"guten-background-overlay\"><\/div><div class=\"sticky-wrapper\" data-id=\"9U762w\"><div class=\"guten-column-wrapper\">\n<h2 class=\"wp-block-gutenverse-heading guten-element guten-PgHZgi animated guten-element-hide desktop-fadeInRight\">Gouvernance d'entreprise<\/h2>\n\n\n\n<div class=\"wp-block-gutenverse-divider guten-element guten-divider guten-QHYwvd animated guten-element-hide desktop-fadeInRight\"><div class=\"guten-divider-wrapper\"><div class=\"guten-divider-default guten-divider-line guten-divider-regular\"><\/div><\/div><\/div>\n\n\n\n<div class=\"guten-element gutenverse-text-editor guten-lBI5Ly\"><div class=\"text-content-inner\">\n<p>Dans le monde des affaires, la connaissance est un v\u00e9ritable pouvoir. Et lorsqu'une entreprise familiale d\u00e9cide d'exploiter ce pouvoir gr\u00e2ce \u00e0 notre Knowledge Sharing Boards\u00ae, tout devient possible ! Notre soci\u00e9t\u00e9 se consacre \u00e0 la promotion de la collaboration et de l'apprentissage continu, en fournissant une plateforme o\u00f9 les entrepreneurs et les experts de divers secteurs peuvent \u00e9changer leurs exp\u00e9riences, r\u00e9soudre des probl\u00e8mes complexes et d\u00e9couvrir de nouvelles opportunit\u00e9s de croissance et d'innovation. Gr\u00e2ce \u00e0 notre approche unique et personnalis\u00e9e, nous aidons les entreprises \u00e0 atteindre leur plein potentiel et \u00e0 naviguer avec succ\u00e8s dans un environnement commercial en constante \u00e9volution.<\/p>\n<\/div><\/div>\n<\/div><\/div><\/div>\n<\/div><\/section><\/div>\n\n\n\n<div class=\"section-wrapper\" data-id=\"r8X9Sy\"><section class=\"wp-block-gutenverse-section guten-element guten-section guten-r8X9Sy layout-boxed align-stretch\"><div class=\"guten-background-overlay\"><\/div><div class=\"guten-shape-divider guten-shape-divider-top\"><\/div><div class=\"guten-shape-divider guten-shape-divider-bottom\"><\/div><div class=\"guten-container guten-column-gap-default\">\n<div class=\"wp-block-gutenverse-column guten-element guten-column guten-9U762w\"><div class=\"guten-background-overlay\"><\/div><div class=\"sticky-wrapper\" data-id=\"9U762w\"><div class=\"guten-column-wrapper\">\n<h2 class=\"wp-block-gutenverse-heading guten-element guten-PgHZgi animated guten-element-hide desktop-fadeInRight\">Les d\u00e9fis des entreprises familiales<\/h2>\n\n\n\n<div class=\"wp-block-gutenverse-divider guten-element guten-divider guten-QHYwvd animated guten-element-hide desktop-fadeInRight\"><div class=\"guten-divider-wrapper\"><div class=\"guten-divider-default guten-divider-line guten-divider-regular\"><\/div><\/div><\/div>\n\n\n\n<div class=\"guten-element gutenverse-text-editor guten-lBI5Ly\"><div class=\"text-content-inner\">\n<p>Les entreprises familiales sont confront\u00e9es \u00e0 une s\u00e9rie de d\u00e9fis uniques qui peuvent compliquer leur gestion et leur croissance. L'un des principaux d\u00e9fis est la succession, car la planification de la transition du leadership entre les g\u00e9n\u00e9rations peut s'av\u00e9rer complexe et charg\u00e9e d'\u00e9motions. En outre, la dynamique familiale peut influencer les d\u00e9cisions de l'entreprise, entra\u00eenant des conflits internes qui affectent la stabilit\u00e9 de l'entreprise. La professionnalisation de la gestion est \u00e9galement un d\u00e9fi, car il est souvent n\u00e9cessaire de trouver un \u00e9quilibre entre tradition et innovation pour rester comp\u00e9titif. En outre, la n\u00e9cessit\u00e9 de maintenir l'unit\u00e9 et l'engagement de la famille tout en attirant et en retenant les talents externes ajoute une nouvelle couche de complexit\u00e9. Ces d\u00e9fis requi\u00e8rent des strat\u00e9gies prudentes et une communication ouverte pour assurer la continuit\u00e9 et le succ\u00e8s \u00e0 long terme de l'entreprise familiale.<\/p>\n<\/div><\/div>\n<\/div><\/div><\/div>\n\n\n\n<div class=\"wp-block-gutenverse-column guten-element guten-column guten-9Lv2n5\"><div class=\"guten-background-overlay\"><\/div><div class=\"sticky-wrapper\" data-id=\"9Lv2n5\"><div class=\"guten-column-wrapper\">\n<figure class=\"guten-element guten-video guten-GScMNc\"><div class=\"guten-video-wrapper\" data-property=\"{&quot;url&quot;:&quot;https:\/\/youtu.be\/9t7LJhgXZ9A&quot;,&quot;class&quot;:&quot;guten-video-background&quot;,&quot;width&quot;:&quot;100%&quot;,&quot;height&quot;:&quot;300px&quot;,&quot;controls&quot;:true,&quot;playsinline&quot;:true,&quot;style&quot;:{},&quot;config&quot;:{&quot;youtube&quot;:{&quot;playerVars&quot;:{}}}}\"><\/div><\/figure>\n<\/div><\/div><\/div>\n<\/div><\/section><\/div>\n\n\n\n<div class=\"section-wrapper\" data-id=\"r8X9Sy\"><section class=\"wp-block-gutenverse-section guten-element guten-section guten-r8X9Sy layout-boxed align-stretch\"><div class=\"guten-background-overlay\"><\/div><div class=\"guten-shape-divider guten-shape-divider-top\"><\/div><div class=\"guten-shape-divider guten-shape-divider-bottom\"><\/div><div class=\"guten-container guten-column-gap-default\">\n<div class=\"wp-block-gutenverse-column guten-element guten-column guten-9Lv2n5\"><div class=\"guten-background-overlay\"><\/div><div class=\"sticky-wrapper\" data-id=\"9Lv2n5\"><div class=\"guten-column-wrapper\">\n<figure class=\"guten-element guten-video guten-GScMNc\"><div class=\"guten-video-wrapper\" data-property=\"{&quot;url&quot;:&quot;https:\/\/youtu.be\/QIRON4cxeIc&quot;,&quot;class&quot;:&quot;guten-video-background&quot;,&quot;width&quot;:&quot;100%&quot;,&quot;height&quot;:&quot;300px&quot;,&quot;controls&quot;:true,&quot;playsinline&quot;:true,&quot;style&quot;:{},&quot;config&quot;:{&quot;youtube&quot;:{&quot;playerVars&quot;:{}}}}\"><\/div><\/figure>\n<\/div><\/div><\/div>\n\n\n\n<div class=\"wp-block-gutenverse-column guten-element guten-column guten-9U762w\"><div class=\"guten-background-overlay\"><\/div><div class=\"sticky-wrapper\" data-id=\"9U762w\"><div class=\"guten-column-wrapper\">\n<h2 class=\"wp-block-gutenverse-heading guten-element guten-PgHZgi animated guten-element-hide desktop-fadeInRight\"><strong>Am\u00e9liorer les petites entreprises<\/strong><\/h2>\n\n\n\n<div class=\"wp-block-gutenverse-divider guten-element guten-divider guten-QHYwvd animated guten-element-hide desktop-fadeInRight\"><div class=\"guten-divider-wrapper\"><div class=\"guten-divider-default guten-divider-line guten-divider-regular\"><\/div><\/div><\/div>\n\n\n\n<div class=\"guten-element gutenverse-text-editor guten-lBI5Ly\"><div class=\"text-content-inner\">\n<p>Un Knowledge Sharing Board\u00ae offre des avantages significatifs aux propri\u00e9taires de petites entreprises, notamment la diversit\u00e9 des points de vue, l'am\u00e9lioration de la prise de d\u00e9cision et la r\u00e9duction de l'isolement dans leur parcours entrepreneurial.<\/p>\n\n\n\n<p>En participant \u00e0 un CSK, les propri\u00e9taires de petites entreprises ont la possibilit\u00e9 d'interagir avec des pairs issus de diff\u00e9rents secteurs d'activit\u00e9 et de diff\u00e9rentes exp\u00e9riences. Cette diversit\u00e9 de points de vue peut aider \u00e0 identifier des solutions innovantes et des approches uniques pour relever les d\u00e9fis de l'entreprise. En outre, le fait d'avoir un groupe de pairs et d'experts qui fournissent un retour d'information et des conseils peut renforcer le processus de prise de d\u00e9cision, en le rendant plus inform\u00e9 et plus \u00e9quilibr\u00e9.<\/p>\n<\/div><\/div>\n<\/div><\/div><\/div>\n<\/div><\/section><\/div>\n\n\n\n<div class=\"section-wrapper\" data-id=\"r8X9Sy\"><section class=\"wp-block-gutenverse-section guten-element guten-section guten-r8X9Sy layout-boxed align-stretch\"><div class=\"guten-background-overlay\"><\/div><div class=\"guten-shape-divider guten-shape-divider-top\"><\/div><div class=\"guten-shape-divider guten-shape-divider-bottom\"><\/div><div class=\"guten-container guten-column-gap-default\">\n<div class=\"wp-block-gutenverse-column guten-element guten-column guten-9U762w\"><div class=\"guten-background-overlay\"><\/div><div class=\"sticky-wrapper\" data-id=\"9U762w\"><div class=\"guten-column-wrapper\">\n<h2 class=\"wp-block-gutenverse-heading guten-element guten-PgHZgi animated guten-element-hide desktop-fadeInRight\"><strong><strong>D\u00e9couvrez la puissance de KSB<\/strong><\/strong><\/h2>\n\n\n\n<div class=\"wp-block-gutenverse-divider guten-element guten-divider guten-QHYwvd animated guten-element-hide desktop-fadeInRight\"><div class=\"guten-divider-wrapper\"><div class=\"guten-divider-default guten-divider-line guten-divider-regular\"><\/div><\/div><\/div>\n\n\n\n<div class=\"guten-element gutenverse-text-editor guten-lBI5Ly\"><div class=\"text-content-inner\">\n<p>Les Knowledge Sharing Boards\u00ae (CSK) ont le pouvoir de transformer les entreprises en facilitant l'\u00e9change de connaissances et d'exp\u00e9riences entre les entrepreneurs et les experts. Ils favorisent la collaboration, fournissent des solutions innovantes et am\u00e9liorent la prise de d\u00e9cision. Les KSB r\u00e9duisent l'isolement des entrepreneurs et cr\u00e9ent un r\u00e9seau de soutien qui favorise la croissance durable et le succ\u00e8s \u00e0 long terme. En int\u00e9grant des perspectives diverses et les meilleures pratiques, les CSK aident les entreprises \u00e0 s'adapter et \u00e0 prosp\u00e9rer dans un environnement commercial en constante \u00e9volution.<\/p>\n<\/div><\/div>\n<\/div><\/div><\/div>\n\n\n\n<div class=\"wp-block-gutenverse-column guten-element guten-column guten-9Lv2n5\"><div class=\"guten-background-overlay\"><\/div><div class=\"sticky-wrapper\" data-id=\"9Lv2n5\"><div class=\"guten-column-wrapper\">\n<figure class=\"guten-element guten-video guten-GScMNc\"><div class=\"guten-video-wrapper\" data-property=\"{&quot;url&quot;:&quot;https:\/\/youtu.be\/kbWzKOA35OI&quot;,&quot;class&quot;:&quot;guten-video-background&quot;,&quot;width&quot;:&quot;100%&quot;,&quot;height&quot;:&quot;500px&quot;,&quot;controls&quot;:true,&quot;playsinline&quot;:true,&quot;style&quot;:{},&quot;config&quot;:{&quot;youtube&quot;:{&quot;playerVars&quot;:{}}}}\"><\/div><\/figure>\n<\/div><\/div><\/div>\n<\/div><\/section><\/div>","protected":false},"excerpt":{"rendered":"","protected":false},"author":3,"featured_media":0,"parent":0,"menu_order":0,"comment_status":"closed","ping_status":"closed","template":"","meta":{"_EventAllDay":false,"_EventTimezone":"","_EventStartDate":"","_EventEndDate":"","_EventStartDateUTC":"","_EventEndDateUTC":"","_EventShowMap":false,"_EventShowMapLink":false,"_EventURL":"","_EventCost":"","_EventCostDescription":"","_EventCurrencySymbol":"","_EventCurrencyCode":"","_EventCurrencyPosition":"","_EventDateTimeSeparator":"","_EventTimeRangeSeparator":"","_EventOrganizerID":[],"_EventVenueID":[],"_OrganizerEmail":"","_OrganizerPhone":"","_OrganizerWebsite":"","_VenueAddress":"","_VenueCity":"","_VenueCountry":"","_VenueProvince":"","_VenueState":"","_VenueZip":"","_VenuePhone":"","_VenueURL":"","_VenueStateProvince":"","_VenueLat":"","_VenueLng":"","_VenueShowMap":false,"_VenueShowMapLink":false,"footnotes":""},"class_list":["post-251","page","type-page","status-publish","hentry"],"_links":{"self":[{"href":"https:\/\/decisionsupport.network\/fr_fr\/wp-json\/wp\/v2\/pages\/251","targetHints":{"allow":["GET"]}}],"collection":[{"href":"https:\/\/decisionsupport.network\/fr_fr\/wp-json\/wp\/v2\/pages"}],"about":[{"href":"https:\/\/decisionsupport.network\/fr_fr\/wp-json\/wp\/v2\/types\/page"}],"author":[{"embeddable":true,"href":"https:\/\/decisionsupport.network\/fr_fr\/wp-json\/wp\/v2\/users\/3"}],"replies":[{"embeddable":true,"href":"https:\/\/decisionsupport.network\/fr_fr\/wp-json\/wp\/v2\/comments?post=251"}],"version-history":[{"count":5,"href":"https:\/\/decisionsupport.network\/fr_fr\/wp-json\/wp\/v2\/pages\/251\/revisions"}],"predecessor-version":[{"id":310,"href":"https:\/\/decisionsupport.network\/fr_fr\/wp-json\/wp\/v2\/pages\/251\/revisions\/310"}],"wp:attachment":[{"href":"https:\/\/decisionsupport.network\/fr_fr\/wp-json\/wp\/v2\/media?parent=251"}],"curies":[{"name":"wp","href":"https:\/\/api.w.org\/{rel}","templated":true}]}}