{"id":788,"date":"2024-08-26T23:53:12","date_gmt":"2024-08-26T23:53:12","guid":{"rendered":"https:\/\/decisionsupport.network\/?page_id=788"},"modified":"2025-03-05T17:57:24","modified_gmt":"2025-03-05T17:57:24","slug":"usem","status":"publish","type":"page","link":"https:\/\/decisionsupport.network\/fr_fr\/usem\/","title":{"rendered":"Alianza USEM"},"content":{"rendered":"<div class=\"section-wrapper\" data-id=\"jtKWpC\"><section class=\"wp-block-gutenverse-section guten-element guten-section guten-jtKWpC layout-boxed align-stretch\"><div class=\"guten-container guten-column-gap-default\">\n<div class=\"wp-block-gutenverse-column guten-element guten-column guten-hsVwth\"><div class=\"guten-column-wrapper\" data-id=\"hsVwth\">\n<p><\/p>\n\n\n\n<div class=\"section-wrapper\" data-id=\"fhn1Cg\"><section class=\"wp-block-gutenverse-section guten-element guten-section guten-fhn1Cg layout-boxed align-stretch\"><div class=\"guten-container guten-column-gap-default\">\n<div class=\"wp-block-gutenverse-column guten-element guten-column guten-3ypDY5 animated guten-element-hide desktop-fadeInLeft\"><div class=\"guten-column-wrapper\" data-id=\"3ypDY5\">\n<div class=\"wp-block-gutenverse-image guten-element guten-image guten-215IRG\"><div class=\"guten-image-wrapper\"><img decoding=\"async\" class=\"gutenverse-image-box-filled\" src=\"https:\/\/decisionsupport.network\/wp-content\/uploads\/2025\/02\/Logo-USEM.png\" height=\"253\" width=\"651\"\/><\/div><\/div>\n<\/div><\/div>\n\n\n\n<div class=\"wp-block-gutenverse-column guten-element guten-column guten-GnBS2v animated guten-element-hide desktop-fadeInRight\"><div class=\"guten-column-wrapper\" data-id=\"GnBS2v\">\n<div class=\"wp-block-gutenverse-image guten-element guten-image guten-3UdbnQ\"><div class=\"guten-image-wrapper\"><img decoding=\"async\" class=\"gutenverse-image-box-filled\" src=\"https:\/\/decisionsupport.network\/wp-content\/uploads\/2024\/05\/DSC_withe.png\" height=\"440\" width=\"1077\"\/><\/div><\/div>\n<\/div><\/div>\n<\/div><\/section><\/div>\n\n\n\n<p>La alianza entre USEM y Decision Support Consulting (DSC) representa una uni\u00f3n estrat\u00e9gica para impulsar el crecimiento empresarial y fortalecer el tejido econ\u00f3mico en M\u00e9xico. A trav\u00e9s de esta colaboraci\u00f3n, los empresarios miembros de USEM tendr\u00e1n acceso a los Knowledge Sharing Boards (KSB) de DSC, donde podr\u00e1n compartir experiencias, adquirir nuevas perspectivas y recibir recomendaciones clave para enfrentar los desaf\u00edos actuales del mercado. Esta sinergia permitir\u00e1 no solo el desarrollo de empresas m\u00e1s competitivas, sino tambi\u00e9n la promoci\u00f3n de pr\u00e1cticas empresariales \u00e9ticas y sostenibles en todo el pa\u00eds.<\/p>\n\n\n\n<p><\/p>\n\n\n\n<p><\/p>\n\n\n\n<div class=\"section-wrapper\" data-id=\"gwdXAR\"><section class=\"wp-block-gutenverse-section guten-element guten-section guten-gwdXAR layout-boxed align-stretch\"><div class=\"guten-container guten-column-gap-default\">\n<div class=\"wp-block-gutenverse-column guten-element guten-column guten-NMZuZJ animated guten-element-hide desktop-fadeInUp\"><div class=\"guten-column-wrapper\" data-id=\"NMZuZJ\">\n<h3 class=\"wp-block-gutenverse-heading guten-element guten-wViZcU\">\u00bf En qu\u00e9 consiste y c\u00f3mo participar ?<\/h3>\n\n\n\n<div class=\"guten-element guten-tabs guten-egRK00 horizontal\"><div class=\"tab-heading\"><div class=\"tab-heading-item active\" id=\"tab-NwjRMl\" data-id=\"tab-NwjRMl\"><span>\u00bfEn que consiste ?<\/span><\/div><div class=\"tab-heading-item\" id=\"tab-yVlMKK\" data-id=\"tab-yVlMKK\"><span>B\u00e9n\u00e9fices<\/span><\/div><div class=\"tab-heading-item\" id=\"tab-vi2L6R\" data-id=\"tab-vi2L6R\"><span>Plus d'informations<\/span><\/div><div class=\"tab-heading-item\" id=\"EdXZ5l\" data-id=\"EdXZ5l\"><span>Comment participer ?<\/span><\/div><\/div><div class=\"tab-heading-mobile\"><div class=\"tab-title\"><span>\u00bfEn que consiste ?<\/span><i class=\"tab-dropdown-icon fas\"><\/i><\/div><div class=\"tab-option\"><div data-id=\"tab-NwjRMl\" class=\"tab-option-item active\"><span>\u00bfEn que consiste ?<\/span><\/div><div data-id=\"tab-yVlMKK\" class=\"tab-option-item\"><span>B\u00e9n\u00e9fices<\/span><\/div><div data-id=\"tab-vi2L6R\" class=\"tab-option-item\"><span>Plus d'informations<\/span><\/div><div data-id=\"EdXZ5l\" class=\"tab-option-item\"><span>Comment participer ?<\/span><\/div><\/div><\/div><div class=\"tab-body\">\n<div class=\"tab-NwjRMl tab-body-item\" data-id=\"tab-NwjRMl\">\n<p>Les Knowledge Sharing Boards (KSB) sont des CONSULTATIONS D'INTERCONCEPTION, des groupes priv\u00e9s et confidentiels de haut niveau o\u00f9 des chefs d'entreprise et des dirigeants de diverses industries se r\u00e9unissent pour partager leurs exp\u00e9riences, leurs connaissances et leurs meilleures pratiques. Son objectif est de fournir un cadre structur\u00e9 et confidentiel o\u00f9 les participants peuvent discuter de probl\u00e8mes sp\u00e9cifiques aux entreprises et b\u00e9n\u00e9ficier d'une r\u00e9troalimentation pr\u00e9cieuse pour prendre des d\u00e9cisions inform\u00e9es et strat\u00e9giques.<\/p>\n\n\n\n<h5 class=\"wp-block-heading\">Caract\u00e9ristiques essentielles des KSB :<\/h5>\n\n\n\n<ol class=\"wp-block-list\">\n<li><strong>Collaboration et confidentialit\u00e9<\/strong>: Les participants collaborent ouvertement, sachant que les discussions se d\u00e9roulent en toute confidentialit\u00e9, ce qui cr\u00e9e un espace s\u00fbr pour comparer les difficult\u00e9s et les opportunit\u00e9s.<\/li>\n\n\n\n<li><strong>Diversit\u00e9 des perspectives<\/strong>: Les KSB r\u00e9unissent des chefs d'entreprise de diff\u00e9rents secteurs et tailles d'entreprise, ce qui enrichit les discussions en incorporant un large \u00e9ventail de perspectives et de solutions.<\/li>\n\n\n\n<li><strong>Enfoque en problemas reales<\/strong>: Les th\u00e8mes abord\u00e9s sont sp\u00e9cifiques et pertinents pour les membres, centr\u00e9s sur des probl\u00e8mes r\u00e9els auxquels sont confront\u00e9es leurs entreprises, ce qui garantit que les recommandations sont pratiques et applicables.<\/li>\n\n\n\n<li><strong>Facilitation experte<\/strong>: Un facilitateur exp\u00e9riment\u00e9 dirige les sessions, s'assurant que les discussions sont productives et orient\u00e9es vers des r\u00e9sultats.<\/li>\n\n\n\n<li><strong>Action et mise en \u0153uvre<\/strong>: Au-del\u00e0 des discussions, les KSB sont con\u00e7ues pour g\u00e9n\u00e9rer des actions concr\u00e8tes que les participants peuvent mettre en \u0153uvre dans leurs entreprises afin d'am\u00e9liorer leur rendement et leur comp\u00e9titivit\u00e9.<\/li>\n<\/ol>\n\n\n\n<p>En r\u00e9sum\u00e9, les KSB sont un outil pr\u00e9cieux pour les chefs d'entreprise qui souhaitent apprendre de leurs coll\u00e8gues, obtenir de nouvelles id\u00e9es et solutions et renforcer leur capacit\u00e9 \u00e0 diriger et \u00e0 faire cro\u00eetre leurs entreprises.<\/p>\n<\/div>\n\n\n\n<div class=\"tab-yVlMKK tab-body-item\" data-id=\"tab-yVlMKK\">\n<p>Los beneficios para un miembro de USEM en la alianza con DSC ser\u00e1n:<\/p>\n\n\n\n<ol class=\"wp-block-list\">\n<li><strong>Acc\u00e8s exclusif aux Knowledge Sharing Boards (KSB)<\/strong>: Les chefs d'entreprise peuvent participer \u00e0 des sessions au cours desquelles ils comparent les meilleures pratiques et obtiennent des recommandations concr\u00e8tes pour faire face \u00e0 des probl\u00e8mes sp\u00e9cifiques.\n<ul class=\"wp-block-list\">\n<li>Pr\u00e9sentation de vos cas de n\u00e9gociation (probl\u00e8mes, opportunit\u00e9s, n\u00e9gociations, situations n\u00e9cessitant des d\u00e9cisions compl\u00e8tes, etc.) dans un environnement de totale CONFIDENTIALIT\u00c9, avec d'autres entrepreneurs (qui ne sont pas en concurrence) et le grand groupe d'experts de tout le monde de notre entreprise.<\/li>\n\n\n\n<li>Consultor\u00eda para la preparaci\u00f3n y preparaci\u00f3n de sus casos.<\/li>\n\n\n\n<li>Suivi des recommandations g\u00e9n\u00e9r\u00e9es (Calls to Action ou C2A)<\/li>\n\n\n\n<li>Suivi des \u00e9changes de marchandises (Networking et Peer to Peer ou P2P)  <\/li>\n<\/ul>\n<\/li>\n\n\n\n<li>Acc\u00e8s \u00e0 notre plateforme : R\u00c9SEAU DE SOUTIEN \u00c0 LA D\u00c9CISION\n<ul class=\"wp-block-list\">\n<li>Vous y trouverez un vaste catalogue de services, d'outils de mise en r\u00e9seau et de meilleures pratiques. <\/li>\n\n\n\n<li>acc\u00e8s \u00e0 l'annuaire des experts et des entreprises de la r\u00e9gion<\/li>\n<\/ul>\n<\/li>\n\n\n\n<li><strong>Consultor\u00eda Colaborativa<\/strong>: Gr\u00e2ce aux KSB, les membres b\u00e9n\u00e9ficient d'une assistance personnalis\u00e9e d\u00e9riv\u00e9e de la connaissance collective d'autres entrepreneurs et experts dans leur secteur.\n<ul class=\"wp-block-list\">\n<li>Tambi\u00e9n tendr\u00e1n acceso a consultas iniciales (sin costo) con cualquiera de los expertos de todo el mundo de nuestra firma. Los servicios de consultor\u00eda que despu\u00e9s se requieran tendr\u00e1n un precio especial para miembros de USEM.<\/li>\n<\/ul>\n<\/li>\n\n\n\n<li><strong>Possibilit\u00e9s de mise en r\u00e9seau<\/strong>: L'alliance facilite la communication avec les entreprises de diverses industries, en favorisant la cr\u00e9ation d'alliances strat\u00e9giques et de collaborations.<\/li>\n\n\n\n<li><strong>Renforcement des comp\u00e9tences professionnelles et de l'esprit d'entreprise<\/strong>: Participer aux KSB permet aux membres de d\u00e9velopper des comp\u00e9tences essentielles pour la prise de d\u00e9cision et le leadership effectif dans leurs organisations.\n<ul class=\"wp-block-list\">\n<li>Acc\u00e8s aux programmes de haute direction du DECISION SUPPORT INSTITUTE, notre filiale de formation aux programmes ex\u00e9cutifs.<\/li>\n<\/ul>\n<\/li>\n\n\n\n<li><strong>Am\u00e9lioration continue<\/strong>: La r\u00e9troalimentation et l'\u00e9change de connaissances dans les KSB stimulent l'innovation et l'am\u00e9lioration continue dans les entreprises, permettant \u00e0 celles-ci de mieux s'adapter aux changements du march\u00e9.<\/li>\n\n\n\n<li><strong>Mise en \u0153uvre des pratiques ESG (environnementales, sociales et de gouvernance)<\/strong>: Les membres int\u00e9ress\u00e9s recevront un diagnostic initial de l'ESG et pourront acc\u00e9der \u00e0 des ressources, des conf\u00e9rences et des conseils sp\u00e9cialis\u00e9s pour int\u00e9grer des pratiques durables, responsables et rigoureuses dans leurs op\u00e9rations, en am\u00e9liorant leur impact environnemental et social tout en renfor\u00e7ant la gouvernance de l'entreprise.<\/li>\n<\/ol>\n<\/div>\n\n\n\n<div class=\"tab-vi2L6R tab-body-item\" data-id=\"tab-vi2L6R\">\n<p>Si vous avez besoin de plus d'informations, contactez l'un de nos directeurs de conseil d'administration qui vous expliquera en d\u00e9tail le fonctionnement et les avantages de la participation, envoyez-nous un courrier \u00e0 \"alianzausem@decisionsupport.consulting\" ou consultez notre site web :<\/p>\n\n\n\n<div class=\"guten-element guten-button-wrapper guten-lM8cwg\"><a class=\"guten-button guten-button-sm\" href=\"#\"><span>Programmer une conversation<\/span><\/a><\/div>\n<\/div>\n\n\n\n<div class=\"EdXZ5l tab-body-item\" data-id=\"EdXZ5l\">\n<p>Pour une conception correcte de nos KSB\u00ae, c'est-\u00e0-dire pour qu'il n'y ait pas de concurrents, pour que les entreprises de votre groupe aient des synergies, des tailles similaires, etc., il est important de remplir le formulaire d'enregistrement suivant. Toutes les informations seront conserv\u00e9es par DSC conform\u00e9ment \u00e0 la loi et \u00e0 nos politiques de confidentialit\u00e9, que vous pouvez consulter \u00e0 l'adresse suivante : <a href=\"https:\/\/decisionsupport.network\/fr_fr\/privacy-policy\/\">http:\/\/www.decisionsupport.network\/privacy-policy<\/a><\/p>\n\n\n\n<div class=\"guten-element guten-spacer guten-Sy8Vmo\"><\/div>\n\n\n\n<div class=\"guten-element guten-button-wrapper guten-AtSVYy\"><a class=\"guten-button guten-button-sm\" href=\"https:\/\/forms.office.com\/r\/XhrvtHD6NC\" aria-label=\"\"><span>Appliquer ici<\/span><\/a><\/div>\n<\/div>\n<\/div><\/div>\n\n\n\n<p><\/p>\n<\/div><\/div>\n<\/div><\/section><\/div>\n\n\n\n<div class=\"section-wrapper\" data-id=\"Je3XHx\"><section class=\"wp-block-gutenverse-section guten-element guten-section guten-Je3XHx layout-boxed align-stretch\"><div class=\"guten-container guten-column-gap-default\">\n<div class=\"wp-block-gutenverse-column guten-element guten-column guten-igryqI animated guten-element-hide desktop-fadeInUp\"><div class=\"guten-column-wrapper\" data-id=\"igryqI\">\n<div class=\"guten-element guten-spacer guten-FApKNm\"><\/div>\n\n\n\n<div class=\"guten-element guten-spacer guten-68ALFR\"><\/div>\n<\/div><\/div>\n<\/div><\/section><\/div>\n\n\n\n<figure class=\"guten-element guten-video guten-ApvPKU animated guten-element-hide desktop-fadeInUp\"><div class=\"guten-video-wrapper\" data-property=\"{&quot;url&quot;:&quot;https:\/\/www.youtube.com\/watch?v=RGgrPBe1kgs&quot;,&quot;class&quot;:&quot;guten-video-background&quot;,&quot;width&quot;:&quot;100%&quot;,&quot;height&quot;:&quot;500px&quot;,&quot;controls&quot;:true,&quot;playsinline&quot;:true,&quot;style&quot;:{},&quot;config&quot;:{&quot;youtube&quot;:{&quot;playerVars&quot;:{}}}}\"><\/div><\/figure>\n<\/div><\/div>\n<\/div><\/section><\/div>","protected":false},"excerpt":{"rendered":"","protected":false},"author":2,"featured_media":0,"parent":0,"menu_order":0,"comment_status":"closed","ping_status":"closed","template":"","meta":{"_EventAllDay":false,"_EventTimezone":"","_EventStartDate":"","_EventEndDate":"","_EventStartDateUTC":"","_EventEndDateUTC":"","_EventShowMap":false,"_EventShowMapLink":false,"_EventURL":"","_EventCost":"","_EventCostDescription":"","_EventCurrencySymbol":"","_EventCurrencyCode":"","_EventCurrencyPosition":"","_EventDateTimeSeparator":"","_EventTimeRangeSeparator":"","_EventOrganizerID":[],"_EventVenueID":[],"_OrganizerEmail":"","_OrganizerPhone":"","_OrganizerWebsite":"","_VenueAddress":"","_VenueCity":"","_VenueCountry":"","_VenueProvince":"","_VenueState":"","_VenueZip":"","_VenuePhone":"","_VenueURL":"","_VenueStateProvince":"","_VenueLat":"","_VenueLng":"","_VenueShowMap":false,"_VenueShowMapLink":false,"footnotes":""},"class_list":["post-788","page","type-page","status-publish","hentry"],"_links":{"self":[{"href":"https:\/\/decisionsupport.network\/fr_fr\/wp-json\/wp\/v2\/pages\/788","targetHints":{"allow":["GET"]}}],"collection":[{"href":"https:\/\/decisionsupport.network\/fr_fr\/wp-json\/wp\/v2\/pages"}],"about":[{"href":"https:\/\/decisionsupport.network\/fr_fr\/wp-json\/wp\/v2\/types\/page"}],"author":[{"embeddable":true,"href":"https:\/\/decisionsupport.network\/fr_fr\/wp-json\/wp\/v2\/users\/2"}],"replies":[{"embeddable":true,"href":"https:\/\/decisionsupport.network\/fr_fr\/wp-json\/wp\/v2\/comments?post=788"}],"version-history":[{"count":3,"href":"https:\/\/decisionsupport.network\/fr_fr\/wp-json\/wp\/v2\/pages\/788\/revisions"}],"predecessor-version":[{"id":825,"href":"https:\/\/decisionsupport.network\/fr_fr\/wp-json\/wp\/v2\/pages\/788\/revisions\/825"}],"wp:attachment":[{"href":"https:\/\/decisionsupport.network\/fr_fr\/wp-json\/wp\/v2\/media?parent=788"}],"curies":[{"name":"wp","href":"https:\/\/api.w.org\/{rel}","templated":true}]}}