{"id":15,"date":"2024-05-31T07:48:14","date_gmt":"2024-05-31T07:48:14","guid":{"rendered":"http:\/\/decisionsupport.network\/?page_id=15"},"modified":"2025-02-06T23:34:19","modified_gmt":"2025-02-06T23:34:19","slug":"cxos","status":"publish","type":"page","link":"https:\/\/decisionsupport.network\/pt_br\/cxos\/","title":{"rendered":"CXOs"},"content":{"rendered":"<div class=\"wp-block-columns is-layout-flex wp-container-core-columns-is-layout-28f84493 wp-block-columns-is-layout-flex\">\n<div class=\"wp-block-column is-layout-flow wp-block-column-is-layout-flow\">\n<div class=\"section-wrapper\" data-id=\"xOXD0B\"><section class=\"wp-block-gutenverse-section guten-element guten-section guten-xOXD0B layout-boxed align-stretch\"><div class=\"guten-background-overlay\"><\/div><div class=\"guten-shape-divider guten-shape-divider-top\"><\/div><div class=\"guten-shape-divider guten-shape-divider-bottom\"><\/div><div class=\"guten-container guten-column-gap-default\">\n<div class=\"wp-block-gutenverse-column guten-element guten-column guten-yFl8QQ animated guten-element-hide desktop-fadeInLeft\"><div class=\"guten-background-overlay\"><\/div><div class=\"sticky-wrapper\" data-id=\"yFl8QQ\"><div class=\"guten-column-wrapper\">\n<figure class=\"guten-element guten-video guten-6LZT6l\"><div class=\"guten-video-wrapper\" data-property=\"{&quot;url&quot;:&quot;https:\/\/youtu.be\/JfdEmbfOJOo&quot;,&quot;class&quot;:&quot;guten-video-background&quot;,&quot;width&quot;:&quot;100%&quot;,&quot;height&quot;:&quot;300px&quot;,&quot;controls&quot;:true,&quot;playsinline&quot;:true,&quot;style&quot;:{},&quot;config&quot;:{&quot;youtube&quot;:{&quot;playerVars&quot;:{}}}}\"><\/div><\/figure>\n<\/div><\/div><\/div>\n\n\n\n<div class=\"wp-block-gutenverse-column guten-element guten-column guten-7lD1XG animated guten-element-hide desktop-fadeInRight\"><div class=\"guten-background-overlay\"><\/div><div class=\"sticky-wrapper\" data-id=\"7lD1XG\"><div class=\"guten-column-wrapper\">\n<h2 class=\"wp-block-gutenverse-heading guten-element guten-scB1IC\"><strong>Pensamento estrat\u00e9gico<\/strong><\/h2>\n\n\n\n<p class=\"has-text-align-left\">A confian\u00e7a e a confidencialidade em um Knowledge Sharing Board\u00ae (KSB) s\u00e3o garantidas por meio de pol\u00edticas r\u00edgidas de privacidade e acordos de n\u00e3o divulga\u00e7\u00e3o, criando um ambiente seguro no qual os membros podem compartilhar conhecimento sem medo de divulga\u00e7\u00e3o inadequada. Essa atmosfera de respeito e profissionalismo promove a colabora\u00e7\u00e3o eficaz, protege a propriedade intelectual compartilhada e facilita o desenvolvimento de um pensamento estrat\u00e9gico s\u00f3lido.<\/p>\n<\/div><\/div><\/div>\n<\/div><\/section><\/div>\n\n\n\n<div class=\"section-wrapper\" data-id=\"TQoEeN\"><section class=\"wp-block-gutenverse-section guten-element guten-section guten-TQoEeN layout-boxed align-stretch\"><div class=\"guten-background-overlay\"><\/div><div class=\"guten-shape-divider guten-shape-divider-top\"><\/div><div class=\"guten-shape-divider guten-shape-divider-bottom\"><\/div><div class=\"guten-container guten-column-gap-default\">\n<div class=\"wp-block-gutenverse-column guten-element guten-column guten-FVfYYx animated guten-element-hide desktop-fadeInLeft\"><div class=\"guten-background-overlay\"><\/div><div class=\"sticky-wrapper\" data-id=\"FVfYYx\"><div class=\"guten-column-wrapper\">\n<h2 class=\"wp-block-gutenverse-heading guten-element guten-DyD7Hc\">KSB\u00ae para CFOs<\/h2>\n\n\n\n<p>Participar de um Knowledge Sharing Board\u00ae oferece uma oportunidade \u00fanica de alavancar sua experi\u00eancia financeira, uma ferramenta poderosa para o CFO moderno. \u00c9 um investimento que compensa em sabedoria compartilhada, economia de tempo e uma forte rede de apoio. Ao participar de um KSB, os CFOs podem se conectar com colegas e especialistas em finan\u00e7as, obtendo insights valiosos sobre as \u00faltimas tend\u00eancias e pr\u00e1ticas recomendadas em finan\u00e7as. Essa colabora\u00e7\u00e3o ajuda os CFOs a se manterem \u00e0 frente das mudan\u00e7as econ\u00f4micas, antecipar riscos financeiros e implementar estrat\u00e9gias financeiras inovadoras em suas organiza\u00e7\u00f5es. Al\u00e9m disso, as experi\u00eancias compartilhadas e o conhecimento coletivo dos membros do conselho podem ajudar os CFOs a enfrentar desafios financeiros complexos com mais efici\u00eancia, economizando tempo e recursos. Por fim, os KSBs capacitam os CFOs a impulsionar o crescimento estrat\u00e9gico e aprimorar a estrat\u00e9gia financeira geral de suas organiza\u00e7\u00f5es.<\/p>\n<\/div><\/div><\/div>\n\n\n\n<div class=\"wp-block-gutenverse-column guten-element guten-column guten-I0KjzN\"><div class=\"guten-background-overlay\"><\/div><div class=\"sticky-wrapper\" data-id=\"I0KjzN\"><div class=\"guten-column-wrapper\">\n<figure class=\"guten-element guten-video guten-ucMttg animated guten-element-hide desktop-fadeInRight\"><div class=\"guten-video-wrapper\" data-property=\"{&quot;url&quot;:&quot;https:\/\/youtu.be\/e6K-MysR0lU&quot;,&quot;class&quot;:&quot;guten-video-background&quot;,&quot;width&quot;:&quot;100%&quot;,&quot;height&quot;:&quot;300px&quot;,&quot;controls&quot;:true,&quot;playsinline&quot;:true,&quot;style&quot;:{},&quot;config&quot;:{&quot;youtube&quot;:{&quot;playerVars&quot;:{}}}}\"><\/div><\/figure>\n<\/div><\/div><\/div>\n<\/div><\/section><\/div>\n\n\n\n<div class=\"wp-block-columns is-layout-flex wp-container-core-columns-is-layout-28f84493 wp-block-columns-is-layout-flex\">\n<div class=\"wp-block-column is-layout-flow wp-block-column-is-layout-flow\">\n<div class=\"section-wrapper\" data-id=\"eWw8Py\"><section class=\"wp-block-gutenverse-section guten-element guten-section guten-eWw8Py layout-boxed align-stretch\"><div class=\"guten-background-overlay\"><\/div><div class=\"guten-shape-divider guten-shape-divider-top\"><\/div><div class=\"guten-shape-divider guten-shape-divider-bottom\"><\/div><div class=\"guten-container guten-column-gap-default\">\n<div class=\"wp-block-gutenverse-column guten-element guten-column guten-KpgQJR\"><div class=\"guten-background-overlay\"><\/div><div class=\"sticky-wrapper\" data-id=\"KpgQJR\"><div class=\"guten-column-wrapper\">\n<figure class=\"guten-element guten-video guten-I1XH3R animated guten-element-hide desktop-fadeInUp\"><div class=\"guten-video-wrapper\" data-property=\"{&quot;url&quot;:&quot;https:\/\/youtu.be\/88CJqSVTAog&quot;,&quot;class&quot;:&quot;guten-video-background&quot;,&quot;width&quot;:&quot;100%&quot;,&quot;height&quot;:&quot;300px&quot;,&quot;controls&quot;:true,&quot;playsinline&quot;:true,&quot;style&quot;:{},&quot;config&quot;:{&quot;youtube&quot;:{&quot;playerVars&quot;:{}}}}\"><\/div><\/figure>\n<\/div><\/div><\/div>\n\n\n\n<div class=\"wp-block-gutenverse-column guten-element guten-column guten-86Pm4A\"><div class=\"guten-background-overlay\"><\/div><div class=\"sticky-wrapper\" data-id=\"86Pm4A\"><div class=\"guten-column-wrapper\">\n<h2 class=\"wp-block-gutenverse-heading guten-element guten-GxEpx9\">Liberando o potencial do CIO<\/h2>\n\n\n\n<p class=\"has-text-align-left\">O poder do compartilhamento de conhecimento para o CIO. Apresentamos o conceito de um Knowledge Sharing Board\u00ae (KSB), uma ferramenta poderosa para o CIO moderno. \u00c9 um investimento que compensa em sabedoria compartilhada, economia de tempo e uma forte rede de suporte. Ao participar de um KSB, os CIOs podem se conectar com colegas e especialistas do setor, obtendo insights valiosos sobre as \u00faltimas tend\u00eancias tecnol\u00f3gicas e pr\u00e1ticas recomendadas. Essa colabora\u00e7\u00e3o ajuda os CIOs a se manterem \u00e0 frente da curva, antecipar as interrup\u00e7\u00f5es tecnol\u00f3gicas e implementar solu\u00e7\u00f5es inovadoras em suas organiza\u00e7\u00f5es. Al\u00e9m disso, as experi\u00eancias compartilhadas e o conhecimento coletivo dos membros do conselho podem ajudar os CIOs a enfrentar desafios complexos com mais efici\u00eancia, economizando tempo e recursos. Em \u00faltima an\u00e1lise, os KSBs capacitam os CIOs a impulsionar o crescimento estrat\u00e9gico e aprimorar a estrat\u00e9gia geral de TI de suas organiza\u00e7\u00f5es.<\/p>\n<\/div><\/div><\/div>\n<\/div><\/section><\/div>\n<\/div>\n<\/div>\n\n\n\n<div class=\"section-wrapper\" data-id=\"7V1NVf\"><section class=\"wp-block-gutenverse-section guten-element guten-section guten-7V1NVf layout-boxed align-stretch\"><div class=\"guten-background-overlay\"><\/div><div class=\"guten-shape-divider guten-shape-divider-top\"><\/div><div class=\"guten-shape-divider guten-shape-divider-bottom\"><\/div><div class=\"guten-container guten-column-gap-default\">\n<div class=\"wp-block-gutenverse-column guten-element guten-column guten-4Zj34M animated guten-element-hide desktop-fadeInUp\"><div class=\"guten-background-overlay\"><\/div><div class=\"sticky-wrapper\" data-id=\"4Zj34M\"><div class=\"guten-column-wrapper\">\n<h2 class=\"wp-block-gutenverse-heading guten-element guten-X692WO\">KSB\u00ae para CHROs<\/h2>\n\n\n\n<p>Os Knowledge Sharing Boards\u00ae (KSBs) s\u00e3o ferramentas de valor inestim\u00e1vel para os diretores de recursos humanos (CHROs). Eles promovem a colabora\u00e7\u00e3o, a inova\u00e7\u00e3o e o aprendizado cont\u00ednuo em suas organiza\u00e7\u00f5es, melhorando a efic\u00e1cia geral das estrat\u00e9gias de recursos humanos. Ao participar de um KSB, os CHROs obt\u00eam acesso a uma rede diversificada de colegas e especialistas que fornecem percep\u00e7\u00f5es e pr\u00e1ticas recomendadas sobre v\u00e1rios desafios de RH. Esse ambiente colaborativo incentiva o compartilhamento de ideias e solu\u00e7\u00f5es inovadoras, que podem ser implementadas para tratar de quest\u00f5es complexas de RH, como aquisi\u00e7\u00e3o de talentos, envolvimento dos funcion\u00e1rios e desenvolvimento organizacional. Al\u00e9m disso, os KSBs oferecem uma plataforma para o desenvolvimento profissional cont\u00ednuo, ajudando os l\u00edderes de RH a se manterem atualizados sobre as \u00faltimas tend\u00eancias e avan\u00e7os na \u00e1rea, o que acaba impulsionando o crescimento estrat\u00e9gico e o sucesso de suas organiza\u00e7\u00f5es.<\/p>\n<\/div><\/div><\/div>\n\n\n\n<div class=\"wp-block-gutenverse-column guten-element guten-column guten-19N4Qv\"><div class=\"guten-background-overlay\"><\/div><div class=\"sticky-wrapper\" data-id=\"19N4Qv\"><div class=\"guten-column-wrapper\">\n<figure class=\"guten-element guten-video guten-z7iWbJ animated guten-element-hide desktop-fadeInUp\"><div class=\"guten-video-wrapper\" data-property=\"{&quot;url&quot;:&quot;https:\/\/youtu.be\/ySbHqDPde48&quot;,&quot;class&quot;:&quot;guten-video-background&quot;,&quot;width&quot;:&quot;100%&quot;,&quot;height&quot;:&quot;297px&quot;,&quot;controls&quot;:true,&quot;playsinline&quot;:true,&quot;style&quot;:{},&quot;config&quot;:{&quot;youtube&quot;:{&quot;playerVars&quot;:{}}}}\"><\/div><\/figure>\n<\/div><\/div><\/div>\n<\/div><\/section><\/div>\n\n\n\n<div class=\"section-wrapper\" data-id=\"bJy0uy\"><section class=\"wp-block-gutenverse-section guten-element guten-section guten-bJy0uy layout-boxed align-stretch\"><div class=\"guten-background-overlay\"><\/div><div class=\"guten-shape-divider guten-shape-divider-top\"><\/div><div class=\"guten-shape-divider guten-shape-divider-bottom\"><\/div><div class=\"guten-container guten-column-gap-default\">\n<div class=\"wp-block-gutenverse-column guten-element guten-column guten-IdNMpn\"><div class=\"guten-background-overlay\"><\/div><div class=\"sticky-wrapper\" data-id=\"IdNMpn\"><div class=\"guten-column-wrapper\">\n<figure class=\"guten-element guten-video guten-2Ne6SB animated guten-element-hide desktop-fadeInUp\"><div class=\"guten-video-wrapper\" data-property=\"{&quot;url&quot;:&quot;https:\/\/youtu.be\/RGgrPBe1kgs&quot;,&quot;class&quot;:&quot;guten-video-background&quot;,&quot;width&quot;:&quot;100%&quot;,&quot;height&quot;:&quot;300px&quot;,&quot;controls&quot;:true,&quot;playsinline&quot;:true,&quot;style&quot;:{},&quot;config&quot;:{&quot;youtube&quot;:{&quot;playerVars&quot;:{}}}}\"><\/div><\/figure>\n<\/div><\/div><\/div>\n\n\n\n<div class=\"wp-block-gutenverse-column guten-element guten-column guten-9wG8PT\"><div class=\"guten-background-overlay\"><\/div><div class=\"sticky-wrapper\" data-id=\"9wG8PT\"><div class=\"guten-column-wrapper\">\n<h2 class=\"wp-block-heading has-text-align-right\">Um KSB\u00ae como continua\u00e7\u00e3o de um programa de gerenciamento executivo.<\/h2>\n\n\n\n<p class=\"has-text-align-right\">Um Knowledge Sharing Board\u00ae oferece diversas perspectivas do mundo real, muitas vezes superando a abordagem te\u00f3rica e singular de um curso de Administra\u00e7\u00e3o tradicional.<\/p>\n\n\n\n<div class=\"wp-block-media-text is-stacked-on-mobile\" style=\"grid-template-columns:27% auto\"><figure class=\"wp-block-media-text__media\"><img decoding=\"async\" width=\"601\" height=\"279\" src=\"http:\/\/decisionsupport.network\/wp-content\/uploads\/2024\/06\/DSCInst-White.png\" alt=\"\" class=\"wp-image-110 size-full\" srcset=\"https:\/\/decisionsupport.network\/wp-content\/uploads\/2024\/06\/DSCInst-White.png 601w, https:\/\/decisionsupport.network\/wp-content\/uploads\/2024\/06\/DSCInst-White-300x139.png 300w\" sizes=\"(max-width: 601px) 100vw, 601px\" \/><\/figure><div class=\"wp-block-media-text__content\">\n<p class=\"has-text-align-center\">Oferecemos programas de continuidade que ajudam os CxOs a se manterem atualizados com as \u00faltimas tend\u00eancias e inova\u00e7\u00f5es, fornecendo ferramentas pr\u00e1ticas para aprimorar suas habilidades de lideran\u00e7a e tomada de decis\u00f5es.<\/p>\n\n\n\n<div class=\"wp-block-buttons is-content-justification-center is-layout-flex wp-container-core-buttons-is-layout-a89b3969 wp-block-buttons-is-layout-flex\">\n<div class=\"wp-block-button\"><a class=\"wp-block-button__link wp-element-button\" href=\"https:\/\/decisionsupport.institute\">Conhe\u00e7a nossos programas de continuidade<\/a><\/div>\n<\/div>\n<\/div><\/div>\n<\/div><\/div><\/div>\n<\/div><\/section><\/div>\n<\/div>\n<\/div>","protected":false},"excerpt":{"rendered":"","protected":false},"author":3,"featured_media":135,"parent":0,"menu_order":0,"comment_status":"closed","ping_status":"closed","template":"","meta":{"_EventAllDay":false,"_EventTimezone":"","_EventStartDate":"","_EventEndDate":"","_EventStartDateUTC":"","_EventEndDateUTC":"","_EventShowMap":false,"_EventShowMapLink":false,"_EventURL":"","_EventCost":"","_EventCostDescription":"","_EventCurrencySymbol":"","_EventCurrencyCode":"","_EventCurrencyPosition":"","_EventDateTimeSeparator":"","_EventTimeRangeSeparator":"","_EventOrganizerID":[],"_EventVenueID":[],"_OrganizerEmail":"","_OrganizerPhone":"","_OrganizerWebsite":"","_VenueAddress":"","_VenueCity":"","_VenueCountry":"","_VenueProvince":"","_VenueState":"","_VenueZip":"","_VenuePhone":"","_VenueURL":"","_VenueStateProvince":"","_VenueLat":"","_VenueLng":"","_VenueShowMap":false,"_VenueShowMapLink":false,"footnotes":""},"class_list":["post-15","page","type-page","status-publish","has-post-thumbnail","hentry"],"_links":{"self":[{"href":"https:\/\/decisionsupport.network\/pt_br\/wp-json\/wp\/v2\/pages\/15","targetHints":{"allow":["GET"]}}],"collection":[{"href":"https:\/\/decisionsupport.network\/pt_br\/wp-json\/wp\/v2\/pages"}],"about":[{"href":"https:\/\/decisionsupport.network\/pt_br\/wp-json\/wp\/v2\/types\/page"}],"author":[{"embeddable":true,"href":"https:\/\/decisionsupport.network\/pt_br\/wp-json\/wp\/v2\/users\/3"}],"replies":[{"embeddable":true,"href":"https:\/\/decisionsupport.network\/pt_br\/wp-json\/wp\/v2\/comments?post=15"}],"version-history":[{"count":12,"href":"https:\/\/decisionsupport.network\/pt_br\/wp-json\/wp\/v2\/pages\/15\/revisions"}],"predecessor-version":[{"id":787,"href":"https:\/\/decisionsupport.network\/pt_br\/wp-json\/wp\/v2\/pages\/15\/revisions\/787"}],"wp:featuredmedia":[{"embeddable":true,"href":"https:\/\/decisionsupport.network\/pt_br\/wp-json\/wp\/v2\/media\/135"}],"wp:attachment":[{"href":"https:\/\/decisionsupport.network\/pt_br\/wp-json\/wp\/v2\/media?parent=15"}],"curies":[{"name":"wp","href":"https:\/\/api.w.org\/{rel}","templated":true}]}}