{"id":290,"date":"2024-06-05T21:45:52","date_gmt":"2024-06-05T21:45:52","guid":{"rendered":"https:\/\/decisionsupport.network\/?page_id=290"},"modified":"2024-06-05T22:10:34","modified_gmt":"2024-06-05T22:10:34","slug":"casos-de-uso-empresariales","status":"publish","type":"page","link":"https:\/\/decisionsupport.network\/pt_br\/casos-de-uso-empresariales\/","title":{"rendered":"Casos de uso empresarial"},"content":{"rendered":"<div class=\"section-wrapper\" data-id=\"bSE2zx\"><section class=\"wp-block-gutenverse-section guten-element guten-section guten-bSE2zx layout-boxed align-stretch\"><div class=\"guten-background-overlay\"><\/div><div class=\"guten-shape-divider guten-shape-divider-top\"><\/div><div class=\"guten-shape-divider guten-shape-divider-bottom\"><\/div><div class=\"guten-container guten-column-gap-default\">\n<div class=\"wp-block-gutenverse-column guten-element guten-column guten-H26sKW\"><div class=\"guten-background-overlay\"><\/div><div class=\"sticky-wrapper\" data-id=\"H26sKW\"><div class=\"guten-column-wrapper\">\n<figure class=\"guten-element guten-video guten-qkHzOP\"><div class=\"guten-video-wrapper\" data-property=\"{&quot;url&quot;:&quot;https:\/\/youtu.be\/8NTEBIIP_ig&quot;,&quot;class&quot;:&quot;guten-video-background&quot;,&quot;width&quot;:&quot;100%&quot;,&quot;height&quot;:&quot;300px&quot;,&quot;controls&quot;:true,&quot;playsinline&quot;:true,&quot;style&quot;:{},&quot;config&quot;:{&quot;youtube&quot;:{&quot;playerVars&quot;:{}}}}\"><\/div><\/figure>\n<\/div><\/div><\/div>\n\n\n\n<div class=\"wp-block-gutenverse-column guten-element guten-column guten-lCkZ4Q\"><div class=\"guten-background-overlay\"><\/div><div class=\"sticky-wrapper\" data-id=\"lCkZ4Q\"><div class=\"guten-column-wrapper\">\n<h2 class=\"wp-block-gutenverse-heading guten-element guten-KOL8Ag\">Governan\u00e7a corporativa<\/h2>\n\n\n\n<div class=\"wp-block-gutenverse-divider guten-element guten-divider guten-9xvmSU\"><div class=\"guten-divider-wrapper\"><div class=\"guten-divider-default guten-divider-line guten-divider-regular\"><\/div><\/div><\/div>\n\n\n\n<p>No mundo dos neg\u00f3cios, conhecimento \u00e9 realmente poder. E quando uma empresa familiar decide aproveitar esse poder por meio do nosso Knowledge Sharing Boards\u00ae, o c\u00e9u \u00e9 o limite! Nossa empresa se dedica a promover a colabora\u00e7\u00e3o e o aprendizado cont\u00ednuo, fornecendo uma plataforma onde empres\u00e1rios e especialistas de v\u00e1rios setores podem trocar experi\u00eancias, resolver problemas complexos e descobrir novas oportunidades de crescimento e inova\u00e7\u00e3o. Com nossa abordagem exclusiva e personalizada, ajudamos as empresas a atingir todo o seu potencial e a navegar com sucesso no ambiente de neg\u00f3cios em constante mudan\u00e7a.<\/p>\n<\/div><\/div><\/div>\n<\/div><\/section><\/div>\n\n\n\n<div class=\"section-wrapper\" data-id=\"bSE2zx\"><section class=\"wp-block-gutenverse-section guten-element guten-section guten-bSE2zx layout-boxed align-stretch\"><div class=\"guten-background-overlay\"><\/div><div class=\"guten-shape-divider guten-shape-divider-top\"><\/div><div class=\"guten-shape-divider guten-shape-divider-bottom\"><\/div><div class=\"guten-container guten-column-gap-default\">\n<div class=\"wp-block-gutenverse-column guten-element guten-column guten-lCkZ4Q\"><div class=\"guten-background-overlay\"><\/div><div class=\"sticky-wrapper\" data-id=\"lCkZ4Q\"><div class=\"guten-column-wrapper\">\n<h2 class=\"wp-block-gutenverse-heading guten-element guten-KOL8Ag\">Desafios das empresas familiares<\/h2>\n\n\n\n<div class=\"wp-block-gutenverse-divider guten-element guten-divider guten-9xvmSU\"><div class=\"guten-divider-wrapper\"><div class=\"guten-divider-default guten-divider-line guten-divider-regular\"><\/div><\/div><\/div>\n\n\n\n<p>As empresas familiares enfrentam uma s\u00e9rie de desafios \u00fanicos que podem complicar seu gerenciamento e crescimento. Um dos principais desafios \u00e9 a sucess\u00e3o, pois o planejamento da transi\u00e7\u00e3o de lideran\u00e7a entre gera\u00e7\u00f5es pode ser complexo e emocionalmente carregado. Al\u00e9m disso, a din\u00e2mica familiar pode influenciar as decis\u00f5es de neg\u00f3cios, levando a conflitos internos que afetam a estabilidade da empresa. A profissionaliza\u00e7\u00e3o da gest\u00e3o tamb\u00e9m \u00e9 um desafio, pois muitas vezes \u00e9 necess\u00e1rio equilibrar tradi\u00e7\u00e3o e inova\u00e7\u00e3o para manter a competitividade. Al\u00e9m disso, a necessidade de manter a unidade e o comprometimento da fam\u00edlia e, ao mesmo tempo, atrair e reter talentos externos acrescenta outra camada de complexidade. Esses desafios exigem estrat\u00e9gias cuidadosas e comunica\u00e7\u00e3o aberta para garantir a continuidade e o sucesso de longo prazo da empresa familiar.<\/p>\n<\/div><\/div><\/div>\n\n\n\n<div class=\"wp-block-gutenverse-column guten-element guten-column guten-H26sKW\"><div class=\"guten-background-overlay\"><\/div><div class=\"sticky-wrapper\" data-id=\"H26sKW\"><div class=\"guten-column-wrapper\">\n<figure class=\"guten-element guten-video guten-qkHzOP\"><div class=\"guten-video-wrapper\" data-property=\"{&quot;url&quot;:&quot;https:\/\/youtu.be\/aq1gnyi12RY&quot;,&quot;class&quot;:&quot;guten-video-background&quot;,&quot;width&quot;:&quot;100%&quot;,&quot;height&quot;:&quot;300px&quot;,&quot;controls&quot;:true,&quot;playsinline&quot;:true,&quot;style&quot;:{},&quot;config&quot;:{&quot;youtube&quot;:{&quot;playerVars&quot;:{}}}}\"><\/div><\/figure>\n<\/div><\/div><\/div>\n<\/div><\/section><\/div>\n\n\n\n<div class=\"section-wrapper\" data-id=\"bSE2zx\"><section class=\"wp-block-gutenverse-section guten-element guten-section guten-bSE2zx layout-boxed align-stretch\"><div class=\"guten-background-overlay\"><\/div><div class=\"guten-shape-divider guten-shape-divider-top\"><\/div><div class=\"guten-shape-divider guten-shape-divider-bottom\"><\/div><div class=\"guten-container guten-column-gap-default\">\n<div class=\"wp-block-gutenverse-column guten-element guten-column guten-H26sKW\"><div class=\"guten-background-overlay\"><\/div><div class=\"sticky-wrapper\" data-id=\"H26sKW\"><div class=\"guten-column-wrapper\">\n<figure class=\"guten-element guten-video guten-qkHzOP\"><div class=\"guten-video-wrapper\" data-property=\"{&quot;url&quot;:&quot;https:\/\/youtu.be\/O-JOJxjWLPU&quot;,&quot;class&quot;:&quot;guten-video-background&quot;,&quot;width&quot;:&quot;100%&quot;,&quot;height&quot;:&quot;300px&quot;,&quot;controls&quot;:true,&quot;playsinline&quot;:true,&quot;style&quot;:{},&quot;config&quot;:{&quot;youtube&quot;:{&quot;playerVars&quot;:{}}}}\"><\/div><\/figure>\n<\/div><\/div><\/div>\n\n\n\n<div class=\"wp-block-gutenverse-column guten-element guten-column guten-lCkZ4Q\"><div class=\"guten-background-overlay\"><\/div><div class=\"sticky-wrapper\" data-id=\"lCkZ4Q\"><div class=\"guten-column-wrapper\">\n<h2 class=\"wp-block-gutenverse-heading guten-element guten-KOL8Ag\"><strong>Melhoria das pequenas empresas<\/strong><\/h2>\n\n\n\n<div class=\"wp-block-gutenverse-divider guten-element guten-divider guten-9xvmSU\"><div class=\"guten-divider-wrapper\"><div class=\"guten-divider-default guten-divider-line guten-divider-regular\"><\/div><\/div><\/div>\n\n\n\n<p>Um Knowledge Sharing Board\u00ae oferece benef\u00edcios significativos aos propriet\u00e1rios de pequenas empresas, incluindo perspectivas diversas, melhor tomada de decis\u00f5es e redu\u00e7\u00e3o do isolamento em sua jornada empresarial.<\/p>\n\n\n\n<p>Ao participar de um KSB, os propriet\u00e1rios de pequenas empresas t\u00eam a oportunidade de interagir com colegas de v\u00e1rios setores e com diferentes experi\u00eancias. Essa diversidade de perspectivas pode ajudar a identificar solu\u00e7\u00f5es inovadoras e abordagens exclusivas para os desafios comerciais. Al\u00e9m disso, ter um grupo de colegas e especialistas fornecendo feedback e conselhos pode fortalecer o processo de tomada de decis\u00e3o, tornando-o mais informado e equilibrado.<\/p>\n<\/div><\/div><\/div>\n<\/div><\/section><\/div>\n\n\n\n<div class=\"section-wrapper\" data-id=\"bSE2zx\"><section class=\"wp-block-gutenverse-section guten-element guten-section guten-bSE2zx layout-boxed align-stretch\"><div class=\"guten-background-overlay\"><\/div><div class=\"guten-shape-divider guten-shape-divider-top\"><\/div><div class=\"guten-shape-divider guten-shape-divider-bottom\"><\/div><div class=\"guten-container guten-column-gap-default\">\n<div class=\"wp-block-gutenverse-column guten-element guten-column guten-lCkZ4Q\"><div class=\"guten-background-overlay\"><\/div><div class=\"sticky-wrapper\" data-id=\"lCkZ4Q\"><div class=\"guten-column-wrapper\">\n<h2 class=\"wp-block-gutenverse-heading guten-element guten-KOL8Ag\"><strong>Descubra o poder do KSB\u00ae.<\/strong><\/h2>\n\n\n\n<div class=\"wp-block-gutenverse-divider guten-element guten-divider guten-9xvmSU\"><div class=\"guten-divider-wrapper\"><div class=\"guten-divider-default guten-divider-line guten-divider-regular\"><\/div><\/div><\/div>\n\n\n\n<p>O Knowledge Sharing Boards\u00ae (KSB) tem o poder de transformar as empresas, facilitando a troca de conhecimentos e experi\u00eancias entre empres\u00e1rios e especialistas. Eles promovem a colabora\u00e7\u00e3o, oferecem solu\u00e7\u00f5es inovadoras e aprimoram a tomada de decis\u00f5es. Os KSBs reduzem o isolamento dos empreendedores, criando uma rede de apoio que impulsiona o crescimento sustent\u00e1vel e o sucesso a longo prazo. Ao integrar diversas perspectivas e pr\u00e1ticas recomendadas, os KSBs ajudam as empresas a se adaptarem e prosperarem em um ambiente de neg\u00f3cios em constante mudan\u00e7a.<\/p>\n<\/div><\/div><\/div>\n\n\n\n<div class=\"wp-block-gutenverse-column guten-element guten-column guten-H26sKW\"><div class=\"guten-background-overlay\"><\/div><div class=\"sticky-wrapper\" data-id=\"H26sKW\"><div class=\"guten-column-wrapper\">\n<figure class=\"guten-element guten-video guten-qkHzOP\"><div class=\"guten-video-wrapper\" data-property=\"{&quot;url&quot;:&quot;https:\/\/youtu.be\/_FGyv20BcB0&quot;,&quot;class&quot;:&quot;guten-video-background&quot;,&quot;width&quot;:&quot;100%&quot;,&quot;height&quot;:&quot;300px&quot;,&quot;controls&quot;:true,&quot;playsinline&quot;:true,&quot;style&quot;:{},&quot;config&quot;:{&quot;youtube&quot;:{&quot;playerVars&quot;:{}}}}\"><\/div><\/figure>\n<\/div><\/div><\/div>\n<\/div><\/section><\/div>","protected":false},"excerpt":{"rendered":"","protected":false},"author":3,"featured_media":0,"parent":0,"menu_order":0,"comment_status":"closed","ping_status":"closed","template":"","meta":{"_EventAllDay":false,"_EventTimezone":"","_EventStartDate":"","_EventEndDate":"","_EventStartDateUTC":"","_EventEndDateUTC":"","_EventShowMap":false,"_EventShowMapLink":false,"_EventURL":"","_EventCost":"","_EventCostDescription":"","_EventCurrencySymbol":"","_EventCurrencyCode":"","_EventCurrencyPosition":"","_EventDateTimeSeparator":"","_EventTimeRangeSeparator":"","_EventOrganizerID":[],"_EventVenueID":[],"_OrganizerEmail":"","_OrganizerPhone":"","_OrganizerWebsite":"","_VenueAddress":"","_VenueCity":"","_VenueCountry":"","_VenueProvince":"","_VenueState":"","_VenueZip":"","_VenuePhone":"","_VenueURL":"","_VenueStateProvince":"","_VenueLat":"","_VenueLng":"","_VenueShowMap":false,"_VenueShowMapLink":false,"footnotes":""},"class_list":["post-290","page","type-page","status-publish","hentry"],"_links":{"self":[{"href":"https:\/\/decisionsupport.network\/pt_br\/wp-json\/wp\/v2\/pages\/290","targetHints":{"allow":["GET"]}}],"collection":[{"href":"https:\/\/decisionsupport.network\/pt_br\/wp-json\/wp\/v2\/pages"}],"about":[{"href":"https:\/\/decisionsupport.network\/pt_br\/wp-json\/wp\/v2\/types\/page"}],"author":[{"embeddable":true,"href":"https:\/\/decisionsupport.network\/pt_br\/wp-json\/wp\/v2\/users\/3"}],"replies":[{"embeddable":true,"href":"https:\/\/decisionsupport.network\/pt_br\/wp-json\/wp\/v2\/comments?post=290"}],"version-history":[{"count":5,"href":"https:\/\/decisionsupport.network\/pt_br\/wp-json\/wp\/v2\/pages\/290\/revisions"}],"predecessor-version":[{"id":298,"href":"https:\/\/decisionsupport.network\/pt_br\/wp-json\/wp\/v2\/pages\/290\/revisions\/298"}],"wp:attachment":[{"href":"https:\/\/decisionsupport.network\/pt_br\/wp-json\/wp\/v2\/media?parent=290"}],"curies":[{"name":"wp","href":"https:\/\/api.w.org\/{rel}","templated":true}]}}