{"id":3,"date":"2024-05-30T19:43:49","date_gmt":"2024-05-30T19:43:49","guid":{"rendered":"http:\/\/decisionsupport.network\/?page_id=3"},"modified":"2024-07-04T22:55:07","modified_gmt":"2024-07-04T22:55:07","slug":"privacy-policy","status":"publish","type":"page","link":"https:\/\/decisionsupport.network\/pt_br\/privacy-policy\/","title":{"rendered":"Pol\u00edtica de privacidade"},"content":{"rendered":"<div class=\"wp-block-columns is-layout-flex wp-container-core-columns-is-layout-28f84493 wp-block-columns-is-layout-flex\">\n<div class=\"wp-block-column is-layout-flow wp-block-column-is-layout-flow\" style=\"flex-basis:25%\"><\/div>\n\n\n\n<div class=\"wp-block-column is-layout-flow wp-block-column-is-layout-flow\" style=\"flex-basis:50%\">\n<div style=\"height:57px\" aria-hidden=\"true\" class=\"wp-block-spacer\"><\/div>\n\n\n\n<p>A Decision Support Consulting, LLC (doravante, DSC) est\u00e1 ciente da import\u00e2ncia de preservar sua privacidade. Valorizamos sua privacidade e agradecemos a confian\u00e7a que depositou em n\u00f3s. Esta Pol\u00edtica de Privacidade se aplica a visitantes atuais e antigos de nosso site, bem como a nossos clientes e membros do KSB\u00ae. Ao navegar ou usar nosso site, preencher formul\u00e1rios existentes ou fornecer qualquer tipo de informa\u00e7\u00e3o ou intera\u00e7\u00e3o, voc\u00ea expressa sua concord\u00e2ncia com esta Pol\u00edtica de Privacidade. Esta Pol\u00edtica de Privacidade detalha as pr\u00e1ticas que se aplicam \u00e0s informa\u00e7\u00f5es pessoais que coletamos sobre voc\u00ea como usu\u00e1rio quando voc\u00ea visita ou usa nosso site. Todas as informa\u00e7\u00f5es coletadas durante a visita ou uso de nosso site ser\u00e3o tratadas de acordo com a Pol\u00edtica de Privacidade do DSC e n\u00e3o ser\u00e3o compartilhadas, salvo disposi\u00e7\u00e3o em contr\u00e1rio na Pol\u00edtica de Privacidade do DSC. Esta Pol\u00edtica de Privacidade n\u00e3o se aplica \u00e0s informa\u00e7\u00f5es que nossos afiliados ou sites de terceiros possam coletar sobre voc\u00ea atrav\u00e9s de links, publicidade ou outros meios acess\u00edveis a partir do site do DSC. As informa\u00e7\u00f5es coletadas por tais afiliadas ou empresas terceirizadas est\u00e3o sujeitas a suas pr\u00f3prias pol\u00edticas de privacidade.<\/p>\n\n\n\n<p>Coleta de dados: Esta se\u00e7\u00e3o de nossa Pol\u00edtica de Privacidade descreve os tipos de informa\u00e7\u00f5es que o DSC coleta. Todos os dados coletados na nuvem em que operamos (Microsoft Azure e Microsoft Office 365) s\u00e3o processados e armazenados na Cidade do M\u00e9xico em um centro de dados certificado de alta seguran\u00e7a. Voc\u00ea pode optar por n\u00e3o compartilhar determinados dados conosco; no entanto, a n\u00e3o divulga\u00e7\u00e3o de determinadas informa\u00e7\u00f5es pode impedi-lo de usar alguns recursos do nosso site.<\/p>\n\n\n\n<p>Dados coletados automaticamente: Quando voc\u00ea visita nosso site, coletamos alguns dados relacionados \u00e0s transa\u00e7\u00f5es que voc\u00ea faz e ao seu uso do nosso site. Por exemplo, armazenamos automaticamente seu endere\u00e7o IP apenas para uso interno do DSC, o que nos ajuda a diagnosticar problemas com nossos servidores e gerenciar nosso site. Tamb\u00e9m armazenamos determinadas informa\u00e7\u00f5es sobre suas atividades em nosso site, como o tipo de navegador de Internet que voc\u00ea usa e informa\u00e7\u00f5es sobre o fluxo de cliques. Se voc\u00ea \u00e9 um cliente registrado do DSC, vinculamos essas informa\u00e7\u00f5es coletadas automaticamente aos seus dados pessoais, conforme detalhado nas se\u00e7\u00f5es abaixo. O DSC usa essas informa\u00e7\u00f5es para estudos internos de pesquisa sobre seus interesses, ajudando-nos a entender melhor suas necessidades e a melhorar nossos servi\u00e7os.<\/p>\n\n\n\n<p>Informa\u00e7\u00f5es fornecidas por voc\u00ea: Se voc\u00ea optar por compartilhar informa\u00e7\u00f5es pessoais conosco, como por exemplo, atrav\u00e9s de um e-mail ou preenchendo um formul\u00e1rio com informa\u00e7\u00f5es pessoais e enviando-o atrav\u00e9s de nosso site, o DSC armazenar\u00e1 esses dados pessoais. Por exemplo, se voc\u00ea se registrar ou se inscrever para participar de nosso KSB\u00ae, armazenaremos seu nome, endere\u00e7o de e-mail, n\u00famero de telefone e senha, bem como o endere\u00e7o de sua institui\u00e7\u00e3o, informa\u00e7\u00f5es de cobran\u00e7a e m\u00e9todo de pagamento.<\/p>\n\n\n\n<p>Informa\u00e7\u00f5es sobre suas transa\u00e7\u00f5es: Al\u00e9m disso, o DSC tamb\u00e9m armazena dados sobre sua assinatura e seu hist\u00f3rico de compras e pagamentos.<\/p>\n\n\n\n<p>Pol\u00edtica de conformidade dos EUA com cookies e arquivos semelhantes: Nosso site usa \"cookies\" e outros arquivos semelhantes. \"Cookies\" s\u00e3o identificadores alfanum\u00e9ricos criados pelo seu navegador a nosso pedido e armazenados em um arquivo padr\u00e3o e aprovado em seu computador. Ao transferir esses \"cookies\", a DSC atribui a voc\u00ea um c\u00f3digo de cliente exclusivo e um localizador de hist\u00f3rico. Dessa forma, as informa\u00e7\u00f5es sobre as atividades que voc\u00ea realiza em nosso site podem ser posteriormente adicionadas ao seu hist\u00f3rico de cliente, que \u00e9 armazenado no firewall da DSC. Quando voc\u00ea retorna ao nosso site, lemos o cookie que o identifica como um de nossos clientes e o ajuda a lembrar suas senhas ou prefer\u00eancias selecionadas durante visitas anteriores. O cookie tamb\u00e9m nos permite recuperar seu hist\u00f3rico de atividades anteriores e dados da conta, bem como personalizar se\u00e7\u00f5es do nosso site e ofertas especiais com base em seus interesses. O cookie n\u00e3o armazena nenhuma informa\u00e7\u00e3o pessoal. A maioria dos navegadores da Web aceita cookies por padr\u00e3o, mas permite que os usu\u00e1rios os rejeitem alterando as prefer\u00eancias do navegador. Se o seu navegador estiver configurado para rejeitar todos os cookies, algumas se\u00e7\u00f5es do nosso site, inclusive o carrinho de compras, poder\u00e3o n\u00e3o funcionar corretamente. Esta Pol\u00edtica de Privacidade refere-se exclusivamente ao uso de cookies pelo DSC e n\u00e3o cobre seu uso por empresas terceirizadas ou sites vinculados ao site do DSC. Utilizamos os servi\u00e7os de empresas terceirizadas para anunciar nossos produtos. Essas empresas podem usar um \"cookie\" ou uma tag de rastreamento, tamb\u00e9m conhecida como \"Web Beacon\" ou arquivo .gif de 1 pixel, que permite contar as respostas a um an\u00fancio, medir sua efic\u00e1cia ou recompensar com pontos ou incentivos os usu\u00e1rios que responderem a esse an\u00fancio. O DSC n\u00e3o tem acesso ou controle sobre os cookies ou tags de rastreamento usados por esses terceiros. O DSC tamb\u00e9m n\u00e3o recebe nenhuma informa\u00e7\u00e3o pessoal identific\u00e1vel armazenada por essas empresas de publicidade atrav\u00e9s dos meios acima mencionados, nem compartilha dados pessoais como seu nome, n\u00famero de telefone ou endere\u00e7o com essas empresas, a menos que seja declarado de outra forma na Pol\u00edtica de Privacidade do DSC. As empresas afiliadas \u00e0 Network Advertising Initiative (\"NAI\") permitem que voc\u00ea limite a quantidade de publicidade direcionada que recebe por meio de uma ferramenta de exclus\u00e3o dispon\u00edvel no site da Network Advertising Initiative: http:\/\/www.networkadvertising.org\/consumer\/opt_out.asp.<\/p>\n\n\n\n<p>Cookies e arquivos semelhantes Pol\u00edtica de conformidade da UE: <a href=\"https:\/\/decisionsupport.network\/pt_br\/cookie-policy-eu\/\" data-type=\"page\" data-id=\"300\">Clique aqui<\/a><\/p>\n\n\n\n<p>Uso e divulga\u00e7\u00e3o de informa\u00e7\u00f5es: Os dados que coletamos sobre voc\u00ea s\u00e3o usados para gerenciar, manter e melhorar nosso site, conduzir nossos neg\u00f3cios, fornecer os produtos e servi\u00e7os que voc\u00ea solicitou, gerenciar sua conta, inform\u00e1-lo sobre produtos e servi\u00e7os que possam interess\u00e1-lo e personalizar sua experi\u00eancia on-line. Ocasionalmente, para executar determinadas fun\u00e7\u00f5es, como atendimento de pedidos, entrega de e-mails ou tarefas de marketing, podemos contratar outras empresas para execut\u00e1-las em nosso nome. Essas empresas t\u00eam acesso \u00e0s informa\u00e7\u00f5es de que precisam para realizar suas tarefas, mas s\u00e3o obrigadas a manter essas informa\u00e7\u00f5es seguras e confidenciais e a n\u00e3o us\u00e1-las para nenhum outro fim que n\u00e3o seja o cumprimento de suas obriga\u00e7\u00f5es contratuais com o DSC. Como parte do processo normal e necess\u00e1rio para concluir o processamento de seu pedido, e dependendo do m\u00e9todo de pagamento escolhido, a DSC poder\u00e1 fornecer seus dados pessoais a uma empresa terceirizada respons\u00e1vel pelo processamento desse pagamento, como o PayPal. Observe que, devido \u00e0s limita\u00e7\u00f5es dos sistemas utilizados por algumas institui\u00e7\u00f5es financeiras, o extrato que voc\u00ea receber do emissor do seu cart\u00e3o de cr\u00e9dito ou da institui\u00e7\u00e3o financeira poder\u00e1 refletir o nome da empresa terceirizada respons\u00e1vel pelo processamento do pagamento, como o PayPal, em vez de ou al\u00e9m do nome do DSC. Tamb\u00e9m podemos compartilhar esses dados com outras empresas com as quais temos acordos de marketing conjunto. Poderemos fornecer informa\u00e7\u00f5es, inclusive dados pessoais, que tenhamos armazenado sobre voc\u00ea em outros momentos, conforme exigido e permitido por lei. Por exemplo, o DSC se reserva o direito de fornecer dados pessoais, incluindo informa\u00e7\u00f5es sobre sua conta, quando acreditarmos que \u00e9 apropriado cooperar com qualquer investiga\u00e7\u00e3o de supostas atividades fraudulentas, fazer cumprir nossos Termos de Uso ou proteger os direitos ou a propriedade do DSC e de terceiros. Al\u00e9m disso, existe a possibilidade de que, no futuro, o DSC ou seus ativos possam ser adquiridos por terceiros. Tamb\u00e9m existe a possibilidade de que o DSC possa se associar ou adquirir outra empresa para continuar oferecendo seus servi\u00e7os como uma entidade combinada. Nesse caso, os dados dos clientes, incluindo seus dados pessoais, poder\u00e3o ser transferidos para a nova entidade comercial como parte dos ativos da DSC. Nesse caso, atualizaremos esta pol\u00edtica de privacidade para refletir quaisquer mudan\u00e7as em termos de propriedade ou controle de seus dados pessoais.<\/p>\n\n\n\n<p>Links para produtos e servi\u00e7os de terceiros: Ao visitar ou navegar no site da DSC, podemos oferecer a voc\u00ea a oportunidade de comprar produtos ou servi\u00e7os de terceiros. Tais produtos e servi\u00e7os s\u00e3o oferecidos por empresas independentes que n\u00e3o s\u00e3o de propriedade ou gerenciadas pelo DSC. Se voc\u00ea clicar nas ofertas apresentadas, ser\u00e1 redirecionado para os sites dessas empresas terceirizadas, e qualquer informa\u00e7\u00e3o fornecida em resposta a essas ofertas ser\u00e1 coletada e usada por esses terceiros e n\u00e3o pelo DSC. As informa\u00e7\u00f5es que voc\u00ea fornecer a terceiros e quaisquer transa\u00e7\u00f5es com eles que voc\u00ea aceitar ser\u00e3o regidas por suas pr\u00f3prias pol\u00edticas de privacidade.<\/p>\n\n\n\n<p>Suas op\u00e7\u00f5es: Oferecemos uma ampla gama de op\u00e7\u00f5es ou instru\u00e7\u00f5es que voc\u00ea pode nos dar sobre como usamos e compartilhamos seus dados pessoais.<\/p>\n\n\n\n<p>Comunica\u00e7\u00f5es da DSC: Se voc\u00ea n\u00e3o deseja receber comunica\u00e7\u00f5es da DSC sobre produtos e servi\u00e7os que possam lhe interessar, basta nos informar acessando \"Minha Conta\", selecionando \"Atualizar Minha Conta\" e alterando suas prefer\u00eancias. Voc\u00ea tamb\u00e9m tem a op\u00e7\u00e3o de ser adicionado \u00e0 nossa lista de exclus\u00e3o de e-mail, lista de exclus\u00e3o de chamadas e lista de exclus\u00e3o de correspond\u00eancia postal, escrevendo para n\u00f3s no endere\u00e7o abaixo, informando suas prefer\u00eancias. Certifique-se de incluir as seguintes informa\u00e7\u00f5es: nome completo, endere\u00e7o de e-mail, endere\u00e7o, n\u00famero de telefone e a lista ou listas em que deseja ser inclu\u00eddo. Mesmo que voc\u00ea opte por ser adicionado a essas listas, a DSC poder\u00e1 continuar a contat\u00e1-lo atrav\u00e9s dos m\u00e9todos mencionados por motivos relacionados ao uso do site, seus pedidos ou sua conta.<\/p>\n\n\n\n<p>Cancelamento de conta: Se desejar solicitar o cancelamento de sua conta DSC, basta entrar em contato com nosso departamento de atendimento ao cliente e criar um novo incidente no sistema de atendimento ao cliente dentro da op\u00e7\u00e3o \"Suporte\" em nosso site. Voc\u00ea tamb\u00e9m pode nos enviar sua solicita\u00e7\u00e3o por escrito para o endere\u00e7o abaixo, expressando seu desejo de que cancelemos sua conta. Observe que alguns dados podem permanecer em nossos arquivos mesmo ap\u00f3s a exclus\u00e3o de sua conta.<\/p>\n\n\n\n<p>Gerenciamento de sua conta: Se, ap\u00f3s o registro, voc\u00ea desejar alterar seu nome, endere\u00e7o de e-mail, n\u00famero de telefone, senha ou prefer\u00eancias de comunica\u00e7\u00e3o, poder\u00e1 faz\u00ea-lo acessando \"My Account\" e selecionando \"Update My Account\".<\/p>\n\n\n\n<p>DSC Endere\u00e7o para solicita\u00e7\u00f5es por escrito: Se preferir ser contatado por e-mail, escreva para \"privacy@decisionsupport.team\". Se preferir ser contatado por correio, certifique-se de incluir seu nome completo, endere\u00e7o, n\u00famero de telefone e prefer\u00eancias espec\u00edficas antes de enviar suas solicita\u00e7\u00f5es por escrito para o seguinte endere\u00e7o: Decision Support Consulting LLC, 4730 University Way NE Ste-104 Seattle, WA 98105 Estados Unidos.<\/p>\n\n\n\n<p>Seguran\u00e7a do site: O DSC possui salvaguardas f\u00edsicas, eletr\u00f4nicas e processuais projetadas para ajudar a proteger suas informa\u00e7\u00f5es privadas. Por exemplo, usamos a tecnologia Secure Socket Layer (SSL) para criptografar os dados de seu cart\u00e3o de cr\u00e9dito enquanto voc\u00ea compra produtos em nosso site. Ao abrir uma conta no DSC, voc\u00ea cria uma senha que protege as informa\u00e7\u00f5es de sua conta. As senhas s\u00f3 s\u00e3o eficazes se usadas corretamente: recomendamos que voc\u00ea escolha uma senha exclusiva e a mantenha segura. Voc\u00ea pode alterar sua senha sempre que desejar, bastando acessar \"Minha conta\" e selecionar \"Atualizar minha conta\". O DSC somente autoriza o acesso \u00e0s suas informa\u00e7\u00f5es pessoais \u00e0queles indiv\u00edduos que precisam acessar tais dados pessoais para gerenciar sua conta, fornecer ou inform\u00e1-lo sobre produtos e servi\u00e7os, ou realizar tarefas de manuten\u00e7\u00e3o, melhoria e administra\u00e7\u00e3o em nosso site. Em termos de obten\u00e7\u00e3o de hospedagem na Web e de outros produtos e servi\u00e7os que fornecemos, podemos ter acesso a dados sobre nossos clientes ou usu\u00e1rios finais. Normalmente, processamos e usamos essas informa\u00e7\u00f5es em seu nome e sob suas instru\u00e7\u00f5es, de acordo com nossa fun\u00e7\u00e3o de processadores desses dados.<\/p>\n\n\n\n<p>Altera\u00e7\u00f5es a esta Pol\u00edtica de Privacidade: Esta Pol\u00edtica de Privacidade foi atualizada pela \u00faltima vez em 7 de junho de 2023. O DSC poder\u00e1 revisar periodicamente esta Pol\u00edtica, substituindo-a pela vers\u00e3o atualizada em nosso site. Reservamo-nos o direito de modificar esta Declara\u00e7\u00e3o de Privacidade a qualquer momento, portanto, recomendamos revis\u00e1-la com frequ\u00eancia.<\/p>\n<\/div>\n\n\n\n<div class=\"wp-block-column is-layout-flow wp-block-column-is-layout-flow\" style=\"flex-basis:25%\"><\/div>\n<\/div>","protected":false},"excerpt":{"rendered":"<p>A Decision Support Consulting, LLC (doravante, DSC) est\u00e1 ciente da import\u00e2ncia de preservar sua privacidade. Valorizamos sua privacidade e agradecemos a confian\u00e7a que depositou em n\u00f3s. Esta Pol\u00edtica de Privacidade se aplica a visitantes atuais e antigos de nosso site, bem como a nossos clientes e membros do KSB\u00ae. Ao navegar ou usar nosso site, preencher formul\u00e1rios existentes ou fornecer qualquer tipo de informa\u00e7\u00e3o ou intera\u00e7\u00e3o, voc\u00ea expressa sua concord\u00e2ncia com esta Pol\u00edtica de Privacidade. Esta Pol\u00edtica de Privacidade detalha as pr\u00e1ticas que se aplicam \u00e0s informa\u00e7\u00f5es pessoais que coletamos sobre voc\u00ea como usu\u00e1rio quando voc\u00ea visita ou usa nosso site.<\/p>","protected":false},"author":3,"featured_media":0,"parent":0,"menu_order":0,"comment_status":"closed","ping_status":"open","template":"","meta":{"_EventAllDay":false,"_EventTimezone":"","_EventStartDate":"","_EventEndDate":"","_EventStartDateUTC":"","_EventEndDateUTC":"","_EventShowMap":false,"_EventShowMapLink":false,"_EventURL":"","_EventCost":"","_EventCostDescription":"","_EventCurrencySymbol":"","_EventCurrencyCode":"","_EventCurrencyPosition":"","_EventDateTimeSeparator":"","_EventTimeRangeSeparator":"","_EventOrganizerID":[],"_EventVenueID":[],"_OrganizerEmail":"","_OrganizerPhone":"","_OrganizerWebsite":"","_VenueAddress":"","_VenueCity":"","_VenueCountry":"","_VenueProvince":"","_VenueState":"","_VenueZip":"","_VenuePhone":"","_VenueURL":"","_VenueStateProvince":"","_VenueLat":"","_VenueLng":"","_VenueShowMap":false,"_VenueShowMapLink":false,"footnotes":""},"class_list":["post-3","page","type-page","status-publish","hentry"],"_links":{"self":[{"href":"https:\/\/decisionsupport.network\/pt_br\/wp-json\/wp\/v2\/pages\/3","targetHints":{"allow":["GET"]}}],"collection":[{"href":"https:\/\/decisionsupport.network\/pt_br\/wp-json\/wp\/v2\/pages"}],"about":[{"href":"https:\/\/decisionsupport.network\/pt_br\/wp-json\/wp\/v2\/types\/page"}],"author":[{"embeddable":true,"href":"https:\/\/decisionsupport.network\/pt_br\/wp-json\/wp\/v2\/users\/3"}],"replies":[{"embeddable":true,"href":"https:\/\/decisionsupport.network\/pt_br\/wp-json\/wp\/v2\/comments?post=3"}],"version-history":[{"count":3,"href":"https:\/\/decisionsupport.network\/pt_br\/wp-json\/wp\/v2\/pages\/3\/revisions"}],"predecessor-version":[{"id":304,"href":"https:\/\/decisionsupport.network\/pt_br\/wp-json\/wp\/v2\/pages\/3\/revisions\/304"}],"wp:attachment":[{"href":"https:\/\/decisionsupport.network\/pt_br\/wp-json\/wp\/v2\/media?parent=3"}],"curies":[{"name":"wp","href":"https:\/\/api.w.org\/{rel}","templated":true}]}}