{"id":814,"date":"2024-08-26T23:53:12","date_gmt":"2024-08-26T23:53:12","guid":{"rendered":"https:\/\/decisionsupport.network\/?page_id=814"},"modified":"2025-03-05T00:11:52","modified_gmt":"2025-03-05T00:11:52","slug":"amiti","status":"publish","type":"page","link":"https:\/\/decisionsupport.network\/pt_br\/amiti\/","title":{"rendered":"Alian\u00e7a AMITI"},"content":{"rendered":"<div class=\"section-wrapper\" data-id=\"jtKWpC\"><section class=\"wp-block-gutenverse-section guten-element guten-section guten-jtKWpC layout-boxed align-stretch\"><div class=\"guten-container guten-column-gap-default\">\n<div class=\"wp-block-gutenverse-column guten-element guten-column guten-hsVwth\"><div class=\"guten-column-wrapper\" data-id=\"hsVwth\">\n<p><\/p>\n\n\n\n<div class=\"section-wrapper\" data-id=\"fhn1Cg\"><section class=\"wp-block-gutenverse-section guten-element guten-section guten-fhn1Cg layout-boxed align-stretch\"><div class=\"guten-container guten-column-gap-default\">\n<div class=\"wp-block-gutenverse-column guten-element guten-column guten-3ypDY5 animated guten-element-hide desktop-fadeInLeft\"><div class=\"guten-column-wrapper\" data-id=\"3ypDY5\">\n<div class=\"wp-block-gutenverse-image guten-element guten-image guten-215IRG\"><div class=\"guten-image-wrapper\"><img decoding=\"async\" class=\"gutenverse-image-box-filled\" src=\"https:\/\/decisionsupport.network\/wp-content\/uploads\/2025\/03\/Amiti_CMYK_blanco.png\" height=\"458\" width=\"1161\"\/><\/div><\/div>\n<\/div><\/div>\n\n\n\n<div class=\"wp-block-gutenverse-column guten-element guten-column guten-GnBS2v animated guten-element-hide desktop-fadeInRight\"><div class=\"guten-column-wrapper\" data-id=\"GnBS2v\">\n<div class=\"wp-block-gutenverse-image guten-element guten-image guten-3UdbnQ\"><div class=\"guten-image-wrapper\"><img decoding=\"async\" class=\"gutenverse-image-box-filled\" src=\"https:\/\/decisionsupport.network\/wp-content\/uploads\/2024\/05\/DSC_withe.png\" height=\"440\" width=\"1077\"\/><\/div><\/div>\n<\/div><\/div>\n<\/div><\/section><\/div>\n\n\n\n<p>A alian\u00e7a entre a AMITI e o Decision Support Consulting (DSC) representa uma uni\u00e3o estrat\u00e9gica para impulsionar o crescimento da ind\u00fastria da tecnologia e fortalecer o tecido econ\u00f4mico no M\u00e9xico. Por meio dessa colabora\u00e7\u00e3o, os empres\u00e1rios membros da AMITI ter\u00e3o acesso ao Knowledge Sharing Boards (KSB) e ao DSC, onde poder\u00e3o compartilhar experi\u00eancias, adquirir novas perspectivas e receber recomenda\u00e7\u00f5es fundamentais para enfrentar os desafios atuais do mercado. Essa sinergia permitir\u00e1 n\u00e3o apenas o desenvolvimento de empresas mais competitivas, mas tamb\u00e9m a promo\u00e7\u00e3o de pr\u00e1ticas empresariais \u00e9ticas e sustent\u00e1veis em todo o pa\u00eds.<\/p>\n\n\n\n<p><\/p>\n\n\n\n<p><\/p>\n\n\n\n<div class=\"section-wrapper\" data-id=\"gwdXAR\"><section class=\"wp-block-gutenverse-section guten-element guten-section guten-gwdXAR layout-boxed align-stretch\"><div class=\"guten-container guten-column-gap-default\">\n<div class=\"wp-block-gutenverse-column guten-element guten-column guten-NMZuZJ animated guten-element-hide desktop-fadeInUp\"><div class=\"guten-column-wrapper\" data-id=\"NMZuZJ\">\n<h3 class=\"wp-block-gutenverse-heading guten-element guten-wViZcU\">Em que consiste e como participar?<\/h3>\n\n\n\n<div class=\"guten-element guten-tabs guten-egRK00 horizontal\"><div class=\"tab-heading\"><div class=\"tab-heading-item active\" id=\"tab-NwjRMl\" data-id=\"tab-NwjRMl\"><span>Em que consiste?<\/span><\/div><div class=\"tab-heading-item\" id=\"tab-yVlMKK\" data-id=\"tab-yVlMKK\"><span>Benef\u00edcios<\/span><\/div><div class=\"tab-heading-item\" id=\"tab-vi2L6R\" data-id=\"tab-vi2L6R\"><span>Mais informa\u00e7\u00f5es<\/span><\/div><div class=\"tab-heading-item\" id=\"EdXZ5l\" data-id=\"EdXZ5l\"><span>Como participar?<\/span><\/div><\/div><div class=\"tab-heading-mobile\"><div class=\"tab-title\"><span>Em que consiste?<\/span><i class=\"tab-dropdown-icon fas\"><\/i><\/div><div class=\"tab-option\"><div data-id=\"tab-NwjRMl\" class=\"tab-option-item active\"><span>Em que consiste?<\/span><\/div><div data-id=\"tab-yVlMKK\" class=\"tab-option-item\"><span>Benef\u00edcios<\/span><\/div><div data-id=\"tab-vi2L6R\" class=\"tab-option-item\"><span>Mais informa\u00e7\u00f5es<\/span><\/div><div data-id=\"EdXZ5l\" class=\"tab-option-item\"><span>Como participar?<\/span><\/div><\/div><\/div><div class=\"tab-body\">\n<div class=\"tab-NwjRMl tab-body-item\" data-id=\"tab-NwjRMl\">\n<p>Os Knowledge Sharing Boards (KSB) s\u00e3o CONSEJOS CONSULTIVOS DE INTERCAMBIO DE CONOCIMIENTO, em grupos privados e confidenciais de alto n\u00edvel onde empres\u00e1rios e l\u00edderes de diversos setores se re\u00fanem para compartilhar experi\u00eancias, conhecimentos e melhores pr\u00e1ticas. Seu objetivo \u00e9 proporcionar um ambiente estruturado e confidencial onde os participantes possam discutir quest\u00f5es empresariais espec\u00edficas e receber retroalimenta\u00e7\u00e3o valiosa para tomar decis\u00f5es informadas e estrat\u00e9gicas.<\/p>\n\n\n\n<h5 class=\"wp-block-heading\">Caracter\u00edsticas principais do KSB:<\/h5>\n\n\n\n<ol class=\"wp-block-list\">\n<li><strong>Colabora\u00e7\u00e3o e confidencialidade<\/strong>: Os participantes colaboram abertamente, sabendo que o assunto discutido \u00e9 tratado com total confidencialidade, o que gera um espa\u00e7o seguro para compartilhar desafios e oportunidades.<\/li>\n\n\n\n<li><strong>Diversidade de perspectivas<\/strong>: Os KSB re\u00fanem empres\u00e1rios de diferentes setores e portes de empresas, o que enriquece as discuss\u00f5es ao incorporar uma ampla gama de perspectivas e solu\u00e7\u00f5es.<\/li>\n\n\n\n<li><strong>Enfoque em problemas reais<\/strong>: Os temas tratados s\u00e3o espec\u00edficos e relevantes para os membros, centrados em problemas reais que enfrentam suas empresas, o que garante que as recomenda\u00e7\u00f5es sejam pr\u00e1ticas e aplic\u00e1veis.<\/li>\n\n\n\n<li><strong>Facilita\u00e7\u00e3o especializada<\/strong>: Um facilitador experiente dirige as sess\u00f5es, assegurando que as discuss\u00f5es sejam produtivas e orientadas para os resultados.<\/li>\n\n\n\n<li><strong>A\u00e7\u00e3o e implementa\u00e7\u00e3o<\/strong>: Al\u00e9m das discuss\u00f5es, os KSB s\u00e3o projetados para gerar a\u00e7\u00f5es concretas que os participantes podem implementar em suas empresas para melhorar seu rendimento e competitividade.<\/li>\n<\/ol>\n\n\n\n<p>Em resumo, os KSB s\u00e3o um recurso poderoso para empres\u00e1rios que desejam aprender com seus pares, obter novas ideias e solu\u00e7\u00f5es e fortalecer sua capacidade de liderar e fazer crescer seus neg\u00f3cios.<\/p>\n<\/div>\n\n\n\n<div class=\"tab-yVlMKK tab-body-item\" data-id=\"tab-yVlMKK\">\n<p>Os benef\u00edcios para um membro da AMITI em sua alian\u00e7a com o DSC ser\u00e3o:<\/p>\n\n\n\n<ol class=\"wp-block-list\">\n<li><strong>Acesso exclusivo ao Knowledge Sharing Boards (KSB)<\/strong>: Os empres\u00e1rios poder\u00e3o participar de sess\u00f5es em que ser\u00e3o comparadas as melhores pr\u00e1ticas e geradas recomenda\u00e7\u00f5es concretas para enfrentar desafios espec\u00edficos.\n<ul class=\"wp-block-list\">\n<li>Apresenta\u00e7\u00e3o de seus casos de neg\u00f3cios (Problemas, Oportunidades, Neg\u00f3cios, situa\u00e7\u00f5es que requerem decis\u00f5es completas, etc.) em um ambiente de total CONFIDENCIALIDADE, acompanhado por outros empres\u00e1rios (que N\u00c3O COMPITAM) e pelo amplo grupo de especialistas de todo o mundo de nossa empresa.<\/li>\n\n\n\n<li>Consultoria para a prepara\u00e7\u00e3o e elabora\u00e7\u00e3o de seus casos.<\/li>\n\n\n\n<li>Acompanhamento das recomenda\u00e7\u00f5es geradas (Calls to Action ou C2A)<\/li>\n\n\n\n<li>Acompanhamento dos interc\u00e2mbios de neg\u00f3cios que surgirem (Networking e Peer to Peer ou P2P)  <\/li>\n<\/ul>\n<\/li>\n\n\n\n<li>Acesso \u00e0 nossa plataforma: REDE DE APOIO \u00c0 DECIS\u00c3O\n<ul class=\"wp-block-list\">\n<li>L\u00e1 voc\u00ea encontrar\u00e1 um amplo cat\u00e1logo de servi\u00e7os, ferramentas de rede e melhores pr\u00e1ticas. <\/li>\n\n\n\n<li>acesso ao diret\u00f3rio de especialistas e empres\u00e1rios da rede<\/li>\n<\/ul>\n<\/li>\n\n\n\n<li><strong>Consultoria Colaborativa<\/strong>: Por meio do KSB, os membros receber\u00e3o assessoria personalizada derivada do conhecimento coletivo de outros empres\u00e1rios e especialistas em seu setor.\n<ul class=\"wp-block-list\">\n<li>Tamb\u00e9m ter\u00e3o acesso a consultas iniciais (sem custo) com qualquer um dos especialistas de todo o mundo de nossa empresa. Os servi\u00e7os de consultoria que, posteriormente, forem solicitados ter\u00e3o um pre\u00e7o especial para membros da AMITI.<\/li>\n<\/ul>\n<\/li>\n\n\n\n<li><strong>Oportunidades de networking<\/strong>: A alian\u00e7a facilitar\u00e1 a conex\u00e3o com empres\u00e1rios de diversos setores, promovendo a cria\u00e7\u00e3o de alian\u00e7as estrat\u00e9gicas e colabora\u00e7\u00f5es.<\/li>\n\n\n\n<li><strong>Fortalecimento das habilidades empresariais e de lideran\u00e7a<\/strong>: A participa\u00e7\u00e3o no KSB permitir\u00e1 que os membros desenvolvam compet\u00eancias essenciais para a tomada de decis\u00f5es e a lideran\u00e7a efetiva em suas organiza\u00e7\u00f5es.\n<ul class=\"wp-block-list\">\n<li>Acesso aos programas de Alta Dire\u00e7\u00e3o do DECISION SUPPORT INSTITUTE, nossa filial de educa\u00e7\u00e3o em programas executivos.<\/li>\n<\/ul>\n<\/li>\n\n\n\n<li><strong>Manuten\u00e7\u00e3o cont\u00ednua<\/strong>: A retroalimenta\u00e7\u00e3o e o interc\u00e2mbio de conhecimentos no KSB impulsionar\u00e3o a inova\u00e7\u00e3o e a melhoria cont\u00ednua nas empresas, ajudando-as a se adaptarem melhor \u00e0s mudan\u00e7as do mercado.<\/li>\n\n\n\n<li><strong>Implementa\u00e7\u00e3o de pr\u00e1ticas ESG (ambientais, sociais e de governan\u00e7a)<\/strong>: Os membros interessados ter\u00e3o acesso a um diagn\u00f3stico inicial de ESG e poder\u00e3o acessar recursos, palestras e consultoria especializada para integrar pr\u00e1ticas sustent\u00e1veis, respons\u00e1veis e \u00e9ticas em suas opera\u00e7\u00f5es, melhorando seu impacto ambiental e social ao mesmo tempo em que fortalecem a governan\u00e7a corporativa.<\/li>\n<\/ol>\n<\/div>\n\n\n\n<div class=\"tab-vi2L6R tab-body-item\" data-id=\"tab-vi2L6R\">\n<p>Se precisar de mais informa\u00e7\u00f5es, entre em contato com um de nossos BOARD MANAGERS, que explicar\u00e1 detalhadamente o funcionamento e os benef\u00edcios de participar, envie um e-mail para \"alianzausem@decisionsupport.consulting\" ou entre em contato conosco aqui:<\/p>\n\n\n\n<div class=\"guten-element guten-button-wrapper guten-lM8cwg\"><a class=\"guten-button guten-button-sm\" href=\"#\"><span>Programar uma conversa<\/span><\/a><\/div>\n<\/div>\n\n\n\n<div class=\"EdXZ5l tab-body-item\" data-id=\"EdXZ5l\">\n<p>Para o correto desenvolvimento de nossos KSB\u00ae, ou seja, para que n\u00e3o haja concorrentes, para que as empresas de seu grupo tenham sinergia, tamanhos semelhantes, etc., \u00e9 importante preencher o seguinte formul\u00e1rio de registro, pois todas as informa\u00e7\u00f5es ser\u00e3o guardadas pelo DSC em conformidade com a lei e de acordo com nossas pol\u00edticas de privacidade, que podem ser consultadas em: <a href=\"https:\/\/decisionsupport.network\/pt_br\/privacy-policy\/\">http:\/\/www.decisionsupport.network\/privacy-policy<\/a><\/p>\n\n\n\n<div class=\"guten-element guten-spacer guten-Sy8Vmo\"><\/div>\n\n\n\n<div class=\"guten-element guten-button-wrapper guten-AtSVYy\"><a class=\"guten-button guten-button-sm\" href=\"https:\/\/forms.office.com\/r\/CzyjZebsxY\" aria-label=\"\"><span>Aplique aqui<\/span><\/a><\/div>\n<\/div>\n<\/div><\/div>\n\n\n\n<p><\/p>\n<\/div><\/div>\n<\/div><\/section><\/div>\n\n\n\n<div class=\"section-wrapper\" data-id=\"Je3XHx\"><section class=\"wp-block-gutenverse-section guten-element guten-section guten-Je3XHx layout-boxed align-stretch\"><div class=\"guten-container guten-column-gap-default\">\n<div class=\"wp-block-gutenverse-column guten-element guten-column guten-igryqI animated guten-element-hide desktop-fadeInUp\"><div class=\"guten-column-wrapper\" data-id=\"igryqI\">\n<div class=\"guten-element guten-spacer guten-FApKNm\"><\/div>\n\n\n\n<div class=\"guten-element guten-spacer guten-68ALFR\"><\/div>\n<\/div><\/div>\n<\/div><\/section><\/div>\n\n\n\n<figure class=\"guten-element guten-video guten-ApvPKU animated guten-element-hide desktop-fadeInUp\"><div class=\"guten-video-wrapper\" data-property=\"{&quot;url&quot;:&quot;https:\/\/youtu.be\/8Pc9okdeaS8&quot;,&quot;class&quot;:&quot;guten-video-background&quot;,&quot;width&quot;:&quot;100%&quot;,&quot;height&quot;:&quot;500px&quot;,&quot;playing&quot;:true,&quot;muted&quot;:false,&quot;loop&quot;:true,&quot;controls&quot;:true,&quot;playsinline&quot;:true,&quot;style&quot;:{},&quot;config&quot;:{&quot;youtube&quot;:{&quot;playerVars&quot;:{}}}}\"><\/div><\/figure>\n<\/div><\/div>\n<\/div><\/section><\/div>","protected":false},"excerpt":{"rendered":"","protected":false},"author":2,"featured_media":0,"parent":0,"menu_order":0,"comment_status":"closed","ping_status":"closed","template":"","meta":{"_EventAllDay":false,"_EventTimezone":"","_EventStartDate":"","_EventEndDate":"","_EventStartDateUTC":"","_EventEndDateUTC":"","_EventShowMap":false,"_EventShowMapLink":false,"_EventURL":"","_EventCost":"","_EventCostDescription":"","_EventCurrencySymbol":"","_EventCurrencyCode":"","_EventCurrencyPosition":"","_EventDateTimeSeparator":"","_EventTimeRangeSeparator":"","_EventOrganizerID":[],"_EventVenueID":[],"_OrganizerEmail":"","_OrganizerPhone":"","_OrganizerWebsite":"","_VenueAddress":"","_VenueCity":"","_VenueCountry":"","_VenueProvince":"","_VenueState":"","_VenueZip":"","_VenuePhone":"","_VenueURL":"","_VenueStateProvince":"","_VenueLat":"","_VenueLng":"","_VenueShowMap":false,"_VenueShowMapLink":false,"footnotes":""},"class_list":["post-814","page","type-page","status-publish","hentry"],"_links":{"self":[{"href":"https:\/\/decisionsupport.network\/pt_br\/wp-json\/wp\/v2\/pages\/814","targetHints":{"allow":["GET"]}}],"collection":[{"href":"https:\/\/decisionsupport.network\/pt_br\/wp-json\/wp\/v2\/pages"}],"about":[{"href":"https:\/\/decisionsupport.network\/pt_br\/wp-json\/wp\/v2\/types\/page"}],"author":[{"embeddable":true,"href":"https:\/\/decisionsupport.network\/pt_br\/wp-json\/wp\/v2\/users\/2"}],"replies":[{"embeddable":true,"href":"https:\/\/decisionsupport.network\/pt_br\/wp-json\/wp\/v2\/comments?post=814"}],"version-history":[{"count":6,"href":"https:\/\/decisionsupport.network\/pt_br\/wp-json\/wp\/v2\/pages\/814\/revisions"}],"predecessor-version":[{"id":822,"href":"https:\/\/decisionsupport.network\/pt_br\/wp-json\/wp\/v2\/pages\/814\/revisions\/822"}],"wp:attachment":[{"href":"https:\/\/decisionsupport.network\/pt_br\/wp-json\/wp\/v2\/media?parent=814"}],"curies":[{"name":"wp","href":"https:\/\/api.w.org\/{rel}","templated":true}]}}